{"id":70,"date":"2019-03-21T17:44:00","date_gmt":"2019-03-21T16:44:00","guid":{"rendered":"http:\/\/alatomassages.com\/?page_id=70"},"modified":"2019-03-21T17:44:00","modified_gmt":"2019-03-21T16:44:00","slug":"alato-ca-veut-dire-quoi","status":"publish","type":"page","link":"https:\/\/alatomassages.com\/index.php\/alato-ca-veut-dire-quoi\/","title":{"rendered":"Alato, \u00e7a veut dire quoi ?"},"content":{"rendered":"\n<p>Alato ! est une\nexpression bretonne que j&rsquo;ai beaucoup entendue dans mon milieu familial et plus\nlargement dans le L\u00e9on o\u00f9 le destin m&rsquo;a fait na\u00eetre (mais j&rsquo;avais rien\ndemand\u00e9&#8230;).<\/p>\n\n\n\n<p>Alato ! en fin de\nphrase, que l&rsquo;on pourrait traduire par \u00ab\u00a0tout de m\u00eame!\u00a0\u00bb \u00ab\u00a0quand\nm\u00eame!\u00a0\u00bb ou pire \u00a0\u00bb Oh, mon dieu ! \u00ab\u00a0, exprime une certaine\nstup\u00e9faction, incr\u00e9dulit\u00e9 ou m\u00eame r\u00e9primande souvent&nbsp; li\u00e9e \u00e0 une transgression morale. Par exemple\n: r\u00e9action de ma m\u00e8re \u00e0 une b\u00eatise : \u00ab\u00a0ne ked gwir alato !\u00a0\u00bb c&rsquo;est pas\nvrai quand m\u00eame ! ou encore devant une image un peu \u00ab\u00a0\u00e9rotique\u00a0\u00bb (sur\nla premi\u00e8re chaine, en noir et blanc) &nbsp;\u00ab\u00a0ne ked posubl alato !\u00a0\u00bb c&rsquo;est pas\npossible quand m\u00eame !<\/p>\n\n\n\n<p>Alors, pour une activit\u00e9 massage bien \u00eatre, encore trop\nsouvent connot\u00e9e et compte tenu de ma localisation &nbsp;dans la partie l\u00e9onarde de Morlaix, Alato !\nest un clin d&rsquo;\u0153il \u00e0 ceux ou celles qui auraient encore du mal \u00e0 s&rsquo;accorder du\ntemps pour eux ou une certaine culpabilit\u00e9 \u00e0 s&rsquo;octroyer ces parenth\u00e8ses non productives\nmais tellement bonnes pour le moral !<\/p>\n","protected":false},"excerpt":{"rendered":"<p>Alato ! est une expression bretonne que j&rsquo;ai beaucoup entendue dans mon milieu familial et plus largement dans le L\u00e9on o\u00f9 le destin m&rsquo;a fait na\u00eetre (mais j&rsquo;avais rien demand\u00e9&#8230;). Alato ! en fin de phrase, que l&rsquo;on pourrait traduire par \u00ab\u00a0tout de m\u00eame!\u00a0\u00bb \u00ab\u00a0quand m\u00eame!\u00a0\u00bb ou pire \u00a0\u00bb Oh, mon dieu ! \u00ab\u00a0, exprime [&hellip;]<\/p>\n","protected":false},"author":1,"featured_media":0,"parent":0,"menu_order":0,"comment_status":"closed","ping_status":"closed","template":"","meta":{"footnotes":""},"yoast_head":"<!-- This site is optimized with the Yoast SEO plugin v23.9 - https:\/\/yoast.com\/wordpress\/plugins\/seo\/ -->\n<title>Alato, \u00e7a veut dire quoi ? -<\/title>\n<meta name=\"robots\" content=\"index, follow, max-snippet:-1, max-image-preview:large, max-video-preview:-1\" \/>\n<link rel=\"canonical\" href=\"https:\/\/alatomassages.com\/index.php\/alato-ca-veut-dire-quoi\/\" \/>\n<meta property=\"og:locale\" content=\"fr_FR\" \/>\n<meta property=\"og:type\" content=\"article\" \/>\n<meta property=\"og:title\" content=\"Alato, \u00e7a veut dire quoi ? -\" \/>\n<meta property=\"og:description\" content=\"Alato ! est une expression bretonne que j&rsquo;ai beaucoup entendue dans mon milieu familial et plus largement dans le L\u00e9on o\u00f9 le destin m&rsquo;a fait na\u00eetre (mais j&rsquo;avais rien demand\u00e9&#8230;). Alato ! en fin de phrase, que l&rsquo;on pourrait traduire par \u00ab\u00a0tout de m\u00eame!\u00a0\u00bb \u00ab\u00a0quand m\u00eame!\u00a0\u00bb ou pire \u00a0\u00bb Oh, mon dieu ! \u00ab\u00a0, exprime [&hellip;]\" \/>\n<meta property=\"og:url\" content=\"https:\/\/alatomassages.com\/index.php\/alato-ca-veut-dire-quoi\/\" \/>\n<meta property=\"article:publisher\" content=\"https:\/\/www.facebook.com\/alatomassages\" \/>\n<meta name=\"twitter:card\" content=\"summary_large_image\" \/>\n<meta name=\"twitter:label1\" content=\"Dur\u00e9e de lecture estim\u00e9e\" \/>\n\t<meta name=\"twitter:data1\" content=\"1 minute\" \/>\n<script type=\"application\/ld+json\" class=\"yoast-schema-graph\">{\"@context\":\"https:\/\/schema.org\",\"@graph\":[{\"@type\":\"WebPage\",\"@id\":\"https:\/\/alatomassages.com\/index.php\/alato-ca-veut-dire-quoi\/\",\"url\":\"https:\/\/alatomassages.com\/index.php\/alato-ca-veut-dire-quoi\/\",\"name\":\"Alato, \u00e7a veut dire quoi ? -\",\"isPartOf\":{\"@id\":\"https:\/\/alatomassages.com\/#website\"},\"datePublished\":\"2019-03-21T16:44:00+00:00\",\"dateModified\":\"2019-03-21T16:44:00+00:00\",\"breadcrumb\":{\"@id\":\"https:\/\/alatomassages.com\/index.php\/alato-ca-veut-dire-quoi\/#breadcrumb\"},\"inLanguage\":\"fr-FR\",\"potentialAction\":[{\"@type\":\"ReadAction\",\"target\":[\"https:\/\/alatomassages.com\/index.php\/alato-ca-veut-dire-quoi\/\"]}]},{\"@type\":\"BreadcrumbList\",\"@id\":\"https:\/\/alatomassages.com\/index.php\/alato-ca-veut-dire-quoi\/#breadcrumb\",\"itemListElement\":[{\"@type\":\"ListItem\",\"position\":1,\"name\":\"Accueil\",\"item\":\"https:\/\/alatomassages.com\/\"},{\"@type\":\"ListItem\",\"position\":2,\"name\":\"Alato, \u00e7a veut dire quoi ?\"}]},{\"@type\":\"WebSite\",\"@id\":\"https:\/\/alatomassages.com\/#website\",\"url\":\"https:\/\/alatomassages.com\/\",\"name\":\"alatomassages\",\"description\":\"OFFREZ-VOUS CE DONT VOTRE CORPS A R\u00c9ELLEMENT BESOIN !\",\"publisher\":{\"@id\":\"https:\/\/alatomassages.com\/#organization\"},\"potentialAction\":[{\"@type\":\"SearchAction\",\"target\":{\"@type\":\"EntryPoint\",\"urlTemplate\":\"https:\/\/alatomassages.com\/?s={search_term_string}\"},\"query-input\":{\"@type\":\"PropertyValueSpecification\",\"valueRequired\":true,\"valueName\":\"search_term_string\"}}],\"inLanguage\":\"fr-FR\"},{\"@type\":\"Organization\",\"@id\":\"https:\/\/alatomassages.com\/#organization\",\"name\":\"Alato Massages\",\"url\":\"https:\/\/alatomassages.com\/\",\"logo\":{\"@type\":\"ImageObject\",\"inLanguage\":\"fr-FR\",\"@id\":\"https:\/\/alatomassages.com\/#\/schema\/logo\/image\/\",\"url\":\"https:\/\/alatomassages.com\/wp-content\/uploads\/2019\/03\/cropped-1200x1200px.jpg\",\"contentUrl\":\"https:\/\/alatomassages.com\/wp-content\/uploads\/2019\/03\/cropped-1200x1200px.jpg\",\"width\":240,\"height\":240,\"caption\":\"Alato Massages\"},\"image\":{\"@id\":\"https:\/\/alatomassages.com\/#\/schema\/logo\/image\/\"},\"sameAs\":[\"https:\/\/www.facebook.com\/alatomassages\"]}]}<\/script>\n<!-- \/ Yoast SEO plugin. -->","yoast_head_json":{"title":"Alato, \u00e7a veut dire quoi ? -","robots":{"index":"index","follow":"follow","max-snippet":"max-snippet:-1","max-image-preview":"max-image-preview:large","max-video-preview":"max-video-preview:-1"},"canonical":"https:\/\/alatomassages.com\/index.php\/alato-ca-veut-dire-quoi\/","og_locale":"fr_FR","og_type":"article","og_title":"Alato, \u00e7a veut dire quoi ? -","og_description":"Alato ! est une expression bretonne que j&rsquo;ai beaucoup entendue dans mon milieu familial et plus largement dans le L\u00e9on o\u00f9 le destin m&rsquo;a fait na\u00eetre (mais j&rsquo;avais rien demand\u00e9&#8230;). Alato ! en fin de phrase, que l&rsquo;on pourrait traduire par \u00ab\u00a0tout de m\u00eame!\u00a0\u00bb \u00ab\u00a0quand m\u00eame!\u00a0\u00bb ou pire \u00a0\u00bb Oh, mon dieu ! \u00ab\u00a0, exprime [&hellip;]","og_url":"https:\/\/alatomassages.com\/index.php\/alato-ca-veut-dire-quoi\/","article_publisher":"https:\/\/www.facebook.com\/alatomassages","twitter_card":"summary_large_image","twitter_misc":{"Dur\u00e9e de lecture estim\u00e9e":"1 minute"},"schema":{"@context":"https:\/\/schema.org","@graph":[{"@type":"WebPage","@id":"https:\/\/alatomassages.com\/index.php\/alato-ca-veut-dire-quoi\/","url":"https:\/\/alatomassages.com\/index.php\/alato-ca-veut-dire-quoi\/","name":"Alato, \u00e7a veut dire quoi ? -","isPartOf":{"@id":"https:\/\/alatomassages.com\/#website"},"datePublished":"2019-03-21T16:44:00+00:00","dateModified":"2019-03-21T16:44:00+00:00","breadcrumb":{"@id":"https:\/\/alatomassages.com\/index.php\/alato-ca-veut-dire-quoi\/#breadcrumb"},"inLanguage":"fr-FR","potentialAction":[{"@type":"ReadAction","target":["https:\/\/alatomassages.com\/index.php\/alato-ca-veut-dire-quoi\/"]}]},{"@type":"BreadcrumbList","@id":"https:\/\/alatomassages.com\/index.php\/alato-ca-veut-dire-quoi\/#breadcrumb","itemListElement":[{"@type":"ListItem","position":1,"name":"Accueil","item":"https:\/\/alatomassages.com\/"},{"@type":"ListItem","position":2,"name":"Alato, \u00e7a veut dire quoi ?"}]},{"@type":"WebSite","@id":"https:\/\/alatomassages.com\/#website","url":"https:\/\/alatomassages.com\/","name":"alatomassages","description":"OFFREZ-VOUS CE DONT VOTRE CORPS A R\u00c9ELLEMENT BESOIN !","publisher":{"@id":"https:\/\/alatomassages.com\/#organization"},"potentialAction":[{"@type":"SearchAction","target":{"@type":"EntryPoint","urlTemplate":"https:\/\/alatomassages.com\/?s={search_term_string}"},"query-input":{"@type":"PropertyValueSpecification","valueRequired":true,"valueName":"search_term_string"}}],"inLanguage":"fr-FR"},{"@type":"Organization","@id":"https:\/\/alatomassages.com\/#organization","name":"Alato Massages","url":"https:\/\/alatomassages.com\/","logo":{"@type":"ImageObject","inLanguage":"fr-FR","@id":"https:\/\/alatomassages.com\/#\/schema\/logo\/image\/","url":"https:\/\/alatomassages.com\/wp-content\/uploads\/2019\/03\/cropped-1200x1200px.jpg","contentUrl":"https:\/\/alatomassages.com\/wp-content\/uploads\/2019\/03\/cropped-1200x1200px.jpg","width":240,"height":240,"caption":"Alato Massages"},"image":{"@id":"https:\/\/alatomassages.com\/#\/schema\/logo\/image\/"},"sameAs":["https:\/\/www.facebook.com\/alatomassages"]}]}},"_links":{"self":[{"href":"https:\/\/alatomassages.com\/index.php\/wp-json\/wp\/v2\/pages\/70"}],"collection":[{"href":"https:\/\/alatomassages.com\/index.php\/wp-json\/wp\/v2\/pages"}],"about":[{"href":"https:\/\/alatomassages.com\/index.php\/wp-json\/wp\/v2\/types\/page"}],"author":[{"embeddable":true,"href":"https:\/\/alatomassages.com\/index.php\/wp-json\/wp\/v2\/users\/1"}],"replies":[{"embeddable":true,"href":"https:\/\/alatomassages.com\/index.php\/wp-json\/wp\/v2\/comments?post=70"}],"version-history":[{"count":1,"href":"https:\/\/alatomassages.com\/index.php\/wp-json\/wp\/v2\/pages\/70\/revisions"}],"predecessor-version":[{"id":72,"href":"https:\/\/alatomassages.com\/index.php\/wp-json\/wp\/v2\/pages\/70\/revisions\/72"}],"wp:attachment":[{"href":"https:\/\/alatomassages.com\/index.php\/wp-json\/wp\/v2\/media?parent=70"}],"curies":[{"name":"wp","href":"https:\/\/api.w.org\/{rel}","templated":true}]}}