{"id":67,"date":"2019-03-21T17:40:09","date_gmt":"2019-03-21T16:40:09","guid":{"rendered":"http:\/\/alatomassages.com\/?page_id=67"},"modified":"2022-12-01T12:43:15","modified_gmt":"2022-12-01T11:43:15","slug":"alato-cest-qui","status":"publish","type":"page","link":"https:\/\/alatomassages.com\/index.php\/alato-cest-qui\/","title":{"rendered":"Alato, c&rsquo;est qui ?"},"content":{"rendered":"\n<blockquote class=\"wp-block-quote is-layout-flow wp-block-quote-is-layout-flow\"><p><br> <br><\/p><\/blockquote>\n\n\n\n<p class=\"has-medium-font-size\"> <p>ALATO \u00a0s&rsquo;est cr\u00e9\u00e9e en 2018 \u00e0 l&rsquo;initiative de Patrick Cr\u00e9ac&rsquo;h, <a href=\"https:\/\/alatomassages.com\/wp-content\/uploads\/2019\/04\/scan0002.jpg\">praticien certifi\u00e9 en massage bien \u00eatre<\/a> \u00e0 l&rsquo;issue de 200 h de formation dispens\u00e9es par l&rsquo;<a href=\"http:\/\/www.zemassage.fr\/\">institut de formation Zemassage <\/a>bas\u00e9 \u00e0 Paris.<\/p> <\/p>\n\n\n\n<div class=\"wp-block-image\"><figure class=\"aligncenter is-resized\"><img loading=\"lazy\" decoding=\"async\" src=\"https:\/\/alatomassages.com\/wp-content\/uploads\/2019\/03\/PC2-GP.jpg\" alt=\"\" class=\"wp-image-20\" width=\"225\" height=\"194\" srcset=\"https:\/\/alatomassages.com\/wp-content\/uploads\/2019\/03\/PC2-GP.jpg 1011w, https:\/\/alatomassages.com\/wp-content\/uploads\/2019\/03\/PC2-GP-300x260.jpg 300w, https:\/\/alatomassages.com\/wp-content\/uploads\/2019\/03\/PC2-GP-768x666.jpg 768w, https:\/\/alatomassages.com\/wp-content\/uploads\/2019\/03\/PC2-GP-767x665.jpg 767w\" sizes=\"(max-width: 225px) 100vw, 225px\" \/><\/figure><\/div>\n\n\n\n<p class=\"has-medium-font-size\">Cr\u00e9ateur et dirigeant d\u2019entreprises, j\u2019ai toujours \u00e9t\u00e9 passionn\u00e9 par le langage spontan\u00e9 du corps. En 2003, je d\u00e9couvre l\u2019univers de la danse contact improvisation tout en suivant l\u2019apprentissage de diff\u00e9rentes techniques de massage, bien \u00eatre et cachemirien notamment. Ensuite, je me suis form\u00e9 professionnellement au massage Calif+\u00ae qui associe des pratiques venant du massage californien, su\u00e9dois et abhyanga ainsi qu\u2019au <a href=\"https:\/\/alatomassages.com\/wp-content\/uploads\/2019\/04\/certif-2.jpg\">massage Bodhypnosis\u00ae<\/a>, d\u00e9livr\u00e9 par Jean Labb\u00e9 \u00e0 Paris. <\/p>\n\n\n\n<div class=\"wp-block-button aligncenter\"><a class=\"wp-block-button__link has-cyan-bluish-gray-background-color has-background\" href=\"https:\/\/alatomassages.com\/wp-content\/uploads\/2022\/09\/DEPLIANT-alato-280622.pdf\">T\u00e9l\u00e9charger la plaquette Alato Massages<br><\/a><\/div>\n\n\n\n<div class=\"wp-block-button aligncenter\"><a class=\"wp-block-button__link has-cyan-bluish-gray-background-color has-background\" href=\"https:\/\/alatomassages.com\/wp-content\/uploads\/2019\/04\/Charte-Alato-Massages.pdf\">Lire la charte Alato Massages<br><\/a><\/div>\n","protected":false},"excerpt":{"rendered":"<p>ALATO \u00a0s&rsquo;est cr\u00e9\u00e9e en 2018 \u00e0 l&rsquo;initiative de Patrick Cr\u00e9ac&rsquo;h, praticien certifi\u00e9 en massage bien \u00eatre \u00e0 l&rsquo;issue de 200 h de formation dispens\u00e9es par l&rsquo;institut de formation Zemassage bas\u00e9 \u00e0 Paris. Cr\u00e9ateur et dirigeant d\u2019entreprises, j\u2019ai toujours \u00e9t\u00e9 passionn\u00e9 par le langage spontan\u00e9 du corps. En 2003, je d\u00e9couvre l\u2019univers de la danse contact [&hellip;]<\/p>\n","protected":false},"author":1,"featured_media":0,"parent":0,"menu_order":0,"comment_status":"closed","ping_status":"closed","template":"","meta":{"footnotes":""},"yoast_head":"<!-- This site is optimized with the Yoast SEO plugin v23.9 - https:\/\/yoast.com\/wordpress\/plugins\/seo\/ -->\n<title>Alato, c&#039;est qui ? -<\/title>\n<meta name=\"robots\" content=\"index, follow, max-snippet:-1, max-image-preview:large, max-video-preview:-1\" \/>\n<link rel=\"canonical\" href=\"https:\/\/alatomassages.com\/index.php\/alato-cest-qui\/\" \/>\n<meta property=\"og:locale\" content=\"fr_FR\" \/>\n<meta property=\"og:type\" content=\"article\" \/>\n<meta property=\"og:title\" content=\"Alato, c&#039;est qui ? -\" \/>\n<meta property=\"og:description\" content=\"ALATO \u00a0s&rsquo;est cr\u00e9\u00e9e en 2018 \u00e0 l&rsquo;initiative de Patrick Cr\u00e9ac&rsquo;h, praticien certifi\u00e9 en massage bien \u00eatre \u00e0 l&rsquo;issue de 200 h de formation dispens\u00e9es par l&rsquo;institut de formation Zemassage bas\u00e9 \u00e0 Paris. Cr\u00e9ateur et dirigeant d\u2019entreprises, j\u2019ai toujours \u00e9t\u00e9 passionn\u00e9 par le langage spontan\u00e9 du corps. En 2003, je d\u00e9couvre l\u2019univers de la danse contact [&hellip;]\" \/>\n<meta property=\"og:url\" content=\"https:\/\/alatomassages.com\/index.php\/alato-cest-qui\/\" \/>\n<meta property=\"article:publisher\" content=\"https:\/\/www.facebook.com\/alatomassages\" \/>\n<meta property=\"article:modified_time\" content=\"2022-12-01T11:43:15+00:00\" \/>\n<meta property=\"og:image\" content=\"http:\/\/alatomassages.com\/wp-content\/uploads\/2019\/03\/PC2-GP.jpg\" \/>\n<meta name=\"twitter:card\" content=\"summary_large_image\" \/>\n<meta name=\"twitter:label1\" content=\"Dur\u00e9e de lecture estim\u00e9e\" \/>\n\t<meta name=\"twitter:data1\" content=\"1 minute\" \/>\n<script type=\"application\/ld+json\" class=\"yoast-schema-graph\">{\"@context\":\"https:\/\/schema.org\",\"@graph\":[{\"@type\":\"WebPage\",\"@id\":\"https:\/\/alatomassages.com\/index.php\/alato-cest-qui\/\",\"url\":\"https:\/\/alatomassages.com\/index.php\/alato-cest-qui\/\",\"name\":\"Alato, c'est qui ? -\",\"isPartOf\":{\"@id\":\"https:\/\/alatomassages.com\/#website\"},\"primaryImageOfPage\":{\"@id\":\"https:\/\/alatomassages.com\/index.php\/alato-cest-qui\/#primaryimage\"},\"image\":{\"@id\":\"https:\/\/alatomassages.com\/index.php\/alato-cest-qui\/#primaryimage\"},\"thumbnailUrl\":\"http:\/\/alatomassages.com\/wp-content\/uploads\/2019\/03\/PC2-GP.jpg\",\"datePublished\":\"2019-03-21T16:40:09+00:00\",\"dateModified\":\"2022-12-01T11:43:15+00:00\",\"breadcrumb\":{\"@id\":\"https:\/\/alatomassages.com\/index.php\/alato-cest-qui\/#breadcrumb\"},\"inLanguage\":\"fr-FR\",\"potentialAction\":[{\"@type\":\"ReadAction\",\"target\":[\"https:\/\/alatomassages.com\/index.php\/alato-cest-qui\/\"]}]},{\"@type\":\"ImageObject\",\"inLanguage\":\"fr-FR\",\"@id\":\"https:\/\/alatomassages.com\/index.php\/alato-cest-qui\/#primaryimage\",\"url\":\"http:\/\/alatomassages.com\/wp-content\/uploads\/2019\/03\/PC2-GP.jpg\",\"contentUrl\":\"http:\/\/alatomassages.com\/wp-content\/uploads\/2019\/03\/PC2-GP.jpg\"},{\"@type\":\"BreadcrumbList\",\"@id\":\"https:\/\/alatomassages.com\/index.php\/alato-cest-qui\/#breadcrumb\",\"itemListElement\":[{\"@type\":\"ListItem\",\"position\":1,\"name\":\"Accueil\",\"item\":\"https:\/\/alatomassages.com\/\"},{\"@type\":\"ListItem\",\"position\":2,\"name\":\"Alato, c&rsquo;est qui ?\"}]},{\"@type\":\"WebSite\",\"@id\":\"https:\/\/alatomassages.com\/#website\",\"url\":\"https:\/\/alatomassages.com\/\",\"name\":\"alatomassages\",\"description\":\"OFFREZ-VOUS CE DONT VOTRE CORPS A R\u00c9ELLEMENT BESOIN !\",\"publisher\":{\"@id\":\"https:\/\/alatomassages.com\/#organization\"},\"potentialAction\":[{\"@type\":\"SearchAction\",\"target\":{\"@type\":\"EntryPoint\",\"urlTemplate\":\"https:\/\/alatomassages.com\/?s={search_term_string}\"},\"query-input\":{\"@type\":\"PropertyValueSpecification\",\"valueRequired\":true,\"valueName\":\"search_term_string\"}}],\"inLanguage\":\"fr-FR\"},{\"@type\":\"Organization\",\"@id\":\"https:\/\/alatomassages.com\/#organization\",\"name\":\"Alato Massages\",\"url\":\"https:\/\/alatomassages.com\/\",\"logo\":{\"@type\":\"ImageObject\",\"inLanguage\":\"fr-FR\",\"@id\":\"https:\/\/alatomassages.com\/#\/schema\/logo\/image\/\",\"url\":\"https:\/\/alatomassages.com\/wp-content\/uploads\/2019\/03\/cropped-1200x1200px.jpg\",\"contentUrl\":\"https:\/\/alatomassages.com\/wp-content\/uploads\/2019\/03\/cropped-1200x1200px.jpg\",\"width\":240,\"height\":240,\"caption\":\"Alato Massages\"},\"image\":{\"@id\":\"https:\/\/alatomassages.com\/#\/schema\/logo\/image\/\"},\"sameAs\":[\"https:\/\/www.facebook.com\/alatomassages\"]}]}<\/script>\n<!-- \/ Yoast SEO plugin. -->","yoast_head_json":{"title":"Alato, c'est qui ? -","robots":{"index":"index","follow":"follow","max-snippet":"max-snippet:-1","max-image-preview":"max-image-preview:large","max-video-preview":"max-video-preview:-1"},"canonical":"https:\/\/alatomassages.com\/index.php\/alato-cest-qui\/","og_locale":"fr_FR","og_type":"article","og_title":"Alato, c'est qui ? -","og_description":"ALATO \u00a0s&rsquo;est cr\u00e9\u00e9e en 2018 \u00e0 l&rsquo;initiative de Patrick Cr\u00e9ac&rsquo;h, praticien certifi\u00e9 en massage bien \u00eatre \u00e0 l&rsquo;issue de 200 h de formation dispens\u00e9es par l&rsquo;institut de formation Zemassage bas\u00e9 \u00e0 Paris. Cr\u00e9ateur et dirigeant d\u2019entreprises, j\u2019ai toujours \u00e9t\u00e9 passionn\u00e9 par le langage spontan\u00e9 du corps. En 2003, je d\u00e9couvre l\u2019univers de la danse contact [&hellip;]","og_url":"https:\/\/alatomassages.com\/index.php\/alato-cest-qui\/","article_publisher":"https:\/\/www.facebook.com\/alatomassages","article_modified_time":"2022-12-01T11:43:15+00:00","og_image":[{"url":"http:\/\/alatomassages.com\/wp-content\/uploads\/2019\/03\/PC2-GP.jpg"}],"twitter_card":"summary_large_image","twitter_misc":{"Dur\u00e9e de lecture estim\u00e9e":"1 minute"},"schema":{"@context":"https:\/\/schema.org","@graph":[{"@type":"WebPage","@id":"https:\/\/alatomassages.com\/index.php\/alato-cest-qui\/","url":"https:\/\/alatomassages.com\/index.php\/alato-cest-qui\/","name":"Alato, c'est qui ? -","isPartOf":{"@id":"https:\/\/alatomassages.com\/#website"},"primaryImageOfPage":{"@id":"https:\/\/alatomassages.com\/index.php\/alato-cest-qui\/#primaryimage"},"image":{"@id":"https:\/\/alatomassages.com\/index.php\/alato-cest-qui\/#primaryimage"},"thumbnailUrl":"http:\/\/alatomassages.com\/wp-content\/uploads\/2019\/03\/PC2-GP.jpg","datePublished":"2019-03-21T16:40:09+00:00","dateModified":"2022-12-01T11:43:15+00:00","breadcrumb":{"@id":"https:\/\/alatomassages.com\/index.php\/alato-cest-qui\/#breadcrumb"},"inLanguage":"fr-FR","potentialAction":[{"@type":"ReadAction","target":["https:\/\/alatomassages.com\/index.php\/alato-cest-qui\/"]}]},{"@type":"ImageObject","inLanguage":"fr-FR","@id":"https:\/\/alatomassages.com\/index.php\/alato-cest-qui\/#primaryimage","url":"http:\/\/alatomassages.com\/wp-content\/uploads\/2019\/03\/PC2-GP.jpg","contentUrl":"http:\/\/alatomassages.com\/wp-content\/uploads\/2019\/03\/PC2-GP.jpg"},{"@type":"BreadcrumbList","@id":"https:\/\/alatomassages.com\/index.php\/alato-cest-qui\/#breadcrumb","itemListElement":[{"@type":"ListItem","position":1,"name":"Accueil","item":"https:\/\/alatomassages.com\/"},{"@type":"ListItem","position":2,"name":"Alato, c&rsquo;est qui ?"}]},{"@type":"WebSite","@id":"https:\/\/alatomassages.com\/#website","url":"https:\/\/alatomassages.com\/","name":"alatomassages","description":"OFFREZ-VOUS CE DONT VOTRE CORPS A R\u00c9ELLEMENT BESOIN !","publisher":{"@id":"https:\/\/alatomassages.com\/#organization"},"potentialAction":[{"@type":"SearchAction","target":{"@type":"EntryPoint","urlTemplate":"https:\/\/alatomassages.com\/?s={search_term_string}"},"query-input":{"@type":"PropertyValueSpecification","valueRequired":true,"valueName":"search_term_string"}}],"inLanguage":"fr-FR"},{"@type":"Organization","@id":"https:\/\/alatomassages.com\/#organization","name":"Alato Massages","url":"https:\/\/alatomassages.com\/","logo":{"@type":"ImageObject","inLanguage":"fr-FR","@id":"https:\/\/alatomassages.com\/#\/schema\/logo\/image\/","url":"https:\/\/alatomassages.com\/wp-content\/uploads\/2019\/03\/cropped-1200x1200px.jpg","contentUrl":"https:\/\/alatomassages.com\/wp-content\/uploads\/2019\/03\/cropped-1200x1200px.jpg","width":240,"height":240,"caption":"Alato Massages"},"image":{"@id":"https:\/\/alatomassages.com\/#\/schema\/logo\/image\/"},"sameAs":["https:\/\/www.facebook.com\/alatomassages"]}]}},"_links":{"self":[{"href":"https:\/\/alatomassages.com\/index.php\/wp-json\/wp\/v2\/pages\/67"}],"collection":[{"href":"https:\/\/alatomassages.com\/index.php\/wp-json\/wp\/v2\/pages"}],"about":[{"href":"https:\/\/alatomassages.com\/index.php\/wp-json\/wp\/v2\/types\/page"}],"author":[{"embeddable":true,"href":"https:\/\/alatomassages.com\/index.php\/wp-json\/wp\/v2\/users\/1"}],"replies":[{"embeddable":true,"href":"https:\/\/alatomassages.com\/index.php\/wp-json\/wp\/v2\/comments?post=67"}],"version-history":[{"count":13,"href":"https:\/\/alatomassages.com\/index.php\/wp-json\/wp\/v2\/pages\/67\/revisions"}],"predecessor-version":[{"id":991,"href":"https:\/\/alatomassages.com\/index.php\/wp-json\/wp\/v2\/pages\/67\/revisions\/991"}],"wp:attachment":[{"href":"https:\/\/alatomassages.com\/index.php\/wp-json\/wp\/v2\/media?parent=67"}],"curies":[{"name":"wp","href":"https:\/\/api.w.org\/{rel}","templated":true}]}}