{"id":587,"date":"2019-11-26T13:50:36","date_gmt":"2019-11-26T12:50:36","guid":{"rendered":"http:\/\/alatomassages.com\/?page_id=587"},"modified":"2026-02-18T12:16:07","modified_gmt":"2026-02-18T11:16:07","slug":"alato-a-lespace-aquatique","status":"publish","type":"page","link":"https:\/\/alatomassages.com\/index.php\/alato-a-lespace-aquatique\/","title":{"rendered":"MASSAGES + SAUNA \/ HAMMAM"},"content":{"rendered":"\n<p>Alato se propose de vous accueillir dans le salon de massage situ\u00e9 dans l&rsquo;espace bien \u00eatre de la belle piscine de Morlaix. <\/p>\n\n\n\n<p class=\"has-text-align-center\"><\/p>\n\n\n\n<p><strong>Avant ou apr\u00e8s le massage, vous pourrez profiter du hammam et sauna \u00e0 volont\u00e9 ainsi que des bassins de la piscine et de son jaccuzzi.<\/strong><\/p>\n\n\n<div class=\"wp-block-image\">\n<figure class=\"aligncenter\"><img loading=\"lazy\" decoding=\"async\" width=\"383\" height=\"269\" src=\"https:\/\/alatomassages.com\/wp-content\/uploads\/2019\/11\/sauna.jpg\" alt=\"\" class=\"wp-image-588\" srcset=\"https:\/\/alatomassages.com\/wp-content\/uploads\/2019\/11\/sauna.jpg 383w, https:\/\/alatomassages.com\/wp-content\/uploads\/2019\/11\/sauna-300x211.jpg 300w\" sizes=\"(max-width: 383px) 100vw, 383px\" \/><\/figure><\/div>\n\n\n<p><strong>Tarif : 76 \u20ac par personne comprenant : une heure de massage,  les prestations \u00e0 volont\u00e9 de l&rsquo;espace bien-\u00eatre et l&rsquo;acc\u00e8s aux bassins.<\/strong><br><\/p>\n\n\n\n<h2 class=\"wp-block-heading\">Les horaires de l&rsquo;espace bien-\u00eatre<\/h2>\n\n\n\n<figure class=\"wp-block-image is-resized\"><img loading=\"lazy\" decoding=\"async\" width=\"660\" height=\"441\" src=\"https:\/\/alatomassages.com\/wp-content\/uploads\/2019\/11\/horaires-ouverture-1.jpg\" alt=\"\" class=\"wp-image-596\" style=\"width:647px;height:auto\" srcset=\"https:\/\/alatomassages.com\/wp-content\/uploads\/2019\/11\/horaires-ouverture-1.jpg 660w, https:\/\/alatomassages.com\/wp-content\/uploads\/2019\/11\/horaires-ouverture-1-300x200.jpg 300w\" sizes=\"(max-width: 660px) 100vw, 660px\" \/><\/figure>\n","protected":false},"excerpt":{"rendered":"<p>Alato se propose de vous accueillir dans le salon de massage situ\u00e9 dans l&rsquo;espace bien \u00eatre de la belle piscine de Morlaix. Avant ou apr\u00e8s le massage, vous pourrez profiter du hammam et sauna \u00e0 volont\u00e9 ainsi que des bassins de la piscine et de son jaccuzzi. Tarif : 76 \u20ac par personne comprenant : [&hellip;]<\/p>\n","protected":false},"author":1,"featured_media":0,"parent":0,"menu_order":0,"comment_status":"closed","ping_status":"closed","template":"","meta":{"footnotes":""},"yoast_head":"<!-- This site is optimized with the Yoast SEO plugin v23.9 - https:\/\/yoast.com\/wordpress\/plugins\/seo\/ -->\n<title>MASSAGES + SAUNA \/ HAMMAM -<\/title>\n<meta name=\"robots\" content=\"index, follow, max-snippet:-1, max-image-preview:large, max-video-preview:-1\" \/>\n<link rel=\"canonical\" href=\"https:\/\/alatomassages.com\/index.php\/alato-a-lespace-aquatique\/\" \/>\n<meta property=\"og:locale\" content=\"fr_FR\" \/>\n<meta property=\"og:type\" content=\"article\" \/>\n<meta property=\"og:title\" content=\"MASSAGES + SAUNA \/ HAMMAM -\" \/>\n<meta property=\"og:description\" content=\"Alato se propose de vous accueillir dans le salon de massage situ\u00e9 dans l&rsquo;espace bien \u00eatre de la belle piscine de Morlaix. Avant ou apr\u00e8s le massage, vous pourrez profiter du hammam et sauna \u00e0 volont\u00e9 ainsi que des bassins de la piscine et de son jaccuzzi. Tarif : 76 \u20ac par personne comprenant : [&hellip;]\" \/>\n<meta property=\"og:url\" content=\"https:\/\/alatomassages.com\/index.php\/alato-a-lespace-aquatique\/\" \/>\n<meta property=\"article:publisher\" content=\"https:\/\/www.facebook.com\/alatomassages\" \/>\n<meta property=\"article:modified_time\" content=\"2026-02-18T11:16:07+00:00\" \/>\n<meta property=\"og:image\" content=\"http:\/\/alatomassages.com\/wp-content\/uploads\/2019\/11\/sauna.jpg\" \/>\n<meta name=\"twitter:card\" content=\"summary_large_image\" \/>\n<meta name=\"twitter:label1\" content=\"Dur\u00e9e de lecture estim\u00e9e\" \/>\n\t<meta name=\"twitter:data1\" content=\"1 minute\" \/>\n<script type=\"application\/ld+json\" class=\"yoast-schema-graph\">{\"@context\":\"https:\/\/schema.org\",\"@graph\":[{\"@type\":\"WebPage\",\"@id\":\"https:\/\/alatomassages.com\/index.php\/alato-a-lespace-aquatique\/\",\"url\":\"https:\/\/alatomassages.com\/index.php\/alato-a-lespace-aquatique\/\",\"name\":\"MASSAGES + SAUNA \/ HAMMAM -\",\"isPartOf\":{\"@id\":\"https:\/\/alatomassages.com\/#website\"},\"primaryImageOfPage\":{\"@id\":\"https:\/\/alatomassages.com\/index.php\/alato-a-lespace-aquatique\/#primaryimage\"},\"image\":{\"@id\":\"https:\/\/alatomassages.com\/index.php\/alato-a-lespace-aquatique\/#primaryimage\"},\"thumbnailUrl\":\"http:\/\/alatomassages.com\/wp-content\/uploads\/2019\/11\/sauna.jpg\",\"datePublished\":\"2019-11-26T12:50:36+00:00\",\"dateModified\":\"2026-02-18T11:16:07+00:00\",\"breadcrumb\":{\"@id\":\"https:\/\/alatomassages.com\/index.php\/alato-a-lespace-aquatique\/#breadcrumb\"},\"inLanguage\":\"fr-FR\",\"potentialAction\":[{\"@type\":\"ReadAction\",\"target\":[\"https:\/\/alatomassages.com\/index.php\/alato-a-lespace-aquatique\/\"]}]},{\"@type\":\"ImageObject\",\"inLanguage\":\"fr-FR\",\"@id\":\"https:\/\/alatomassages.com\/index.php\/alato-a-lespace-aquatique\/#primaryimage\",\"url\":\"http:\/\/alatomassages.com\/wp-content\/uploads\/2019\/11\/sauna.jpg\",\"contentUrl\":\"http:\/\/alatomassages.com\/wp-content\/uploads\/2019\/11\/sauna.jpg\"},{\"@type\":\"BreadcrumbList\",\"@id\":\"https:\/\/alatomassages.com\/index.php\/alato-a-lespace-aquatique\/#breadcrumb\",\"itemListElement\":[{\"@type\":\"ListItem\",\"position\":1,\"name\":\"Accueil\",\"item\":\"https:\/\/alatomassages.com\/\"},{\"@type\":\"ListItem\",\"position\":2,\"name\":\"MASSAGES + SAUNA \/ HAMMAM\"}]},{\"@type\":\"WebSite\",\"@id\":\"https:\/\/alatomassages.com\/#website\",\"url\":\"https:\/\/alatomassages.com\/\",\"name\":\"alatomassages\",\"description\":\"OFFREZ-VOUS CE DONT VOTRE CORPS A R\u00c9ELLEMENT BESOIN !\",\"publisher\":{\"@id\":\"https:\/\/alatomassages.com\/#organization\"},\"potentialAction\":[{\"@type\":\"SearchAction\",\"target\":{\"@type\":\"EntryPoint\",\"urlTemplate\":\"https:\/\/alatomassages.com\/?s={search_term_string}\"},\"query-input\":{\"@type\":\"PropertyValueSpecification\",\"valueRequired\":true,\"valueName\":\"search_term_string\"}}],\"inLanguage\":\"fr-FR\"},{\"@type\":\"Organization\",\"@id\":\"https:\/\/alatomassages.com\/#organization\",\"name\":\"Alato Massages\",\"url\":\"https:\/\/alatomassages.com\/\",\"logo\":{\"@type\":\"ImageObject\",\"inLanguage\":\"fr-FR\",\"@id\":\"https:\/\/alatomassages.com\/#\/schema\/logo\/image\/\",\"url\":\"https:\/\/alatomassages.com\/wp-content\/uploads\/2019\/03\/cropped-1200x1200px.jpg\",\"contentUrl\":\"https:\/\/alatomassages.com\/wp-content\/uploads\/2019\/03\/cropped-1200x1200px.jpg\",\"width\":240,\"height\":240,\"caption\":\"Alato Massages\"},\"image\":{\"@id\":\"https:\/\/alatomassages.com\/#\/schema\/logo\/image\/\"},\"sameAs\":[\"https:\/\/www.facebook.com\/alatomassages\"]}]}<\/script>\n<!-- \/ Yoast SEO plugin. -->","yoast_head_json":{"title":"MASSAGES + SAUNA \/ HAMMAM -","robots":{"index":"index","follow":"follow","max-snippet":"max-snippet:-1","max-image-preview":"max-image-preview:large","max-video-preview":"max-video-preview:-1"},"canonical":"https:\/\/alatomassages.com\/index.php\/alato-a-lespace-aquatique\/","og_locale":"fr_FR","og_type":"article","og_title":"MASSAGES + SAUNA \/ HAMMAM -","og_description":"Alato se propose de vous accueillir dans le salon de massage situ\u00e9 dans l&rsquo;espace bien \u00eatre de la belle piscine de Morlaix. Avant ou apr\u00e8s le massage, vous pourrez profiter du hammam et sauna \u00e0 volont\u00e9 ainsi que des bassins de la piscine et de son jaccuzzi. Tarif : 76 \u20ac par personne comprenant : [&hellip;]","og_url":"https:\/\/alatomassages.com\/index.php\/alato-a-lespace-aquatique\/","article_publisher":"https:\/\/www.facebook.com\/alatomassages","article_modified_time":"2026-02-18T11:16:07+00:00","og_image":[{"url":"http:\/\/alatomassages.com\/wp-content\/uploads\/2019\/11\/sauna.jpg"}],"twitter_card":"summary_large_image","twitter_misc":{"Dur\u00e9e de lecture estim\u00e9e":"1 minute"},"schema":{"@context":"https:\/\/schema.org","@graph":[{"@type":"WebPage","@id":"https:\/\/alatomassages.com\/index.php\/alato-a-lespace-aquatique\/","url":"https:\/\/alatomassages.com\/index.php\/alato-a-lespace-aquatique\/","name":"MASSAGES + SAUNA \/ HAMMAM -","isPartOf":{"@id":"https:\/\/alatomassages.com\/#website"},"primaryImageOfPage":{"@id":"https:\/\/alatomassages.com\/index.php\/alato-a-lespace-aquatique\/#primaryimage"},"image":{"@id":"https:\/\/alatomassages.com\/index.php\/alato-a-lespace-aquatique\/#primaryimage"},"thumbnailUrl":"http:\/\/alatomassages.com\/wp-content\/uploads\/2019\/11\/sauna.jpg","datePublished":"2019-11-26T12:50:36+00:00","dateModified":"2026-02-18T11:16:07+00:00","breadcrumb":{"@id":"https:\/\/alatomassages.com\/index.php\/alato-a-lespace-aquatique\/#breadcrumb"},"inLanguage":"fr-FR","potentialAction":[{"@type":"ReadAction","target":["https:\/\/alatomassages.com\/index.php\/alato-a-lespace-aquatique\/"]}]},{"@type":"ImageObject","inLanguage":"fr-FR","@id":"https:\/\/alatomassages.com\/index.php\/alato-a-lespace-aquatique\/#primaryimage","url":"http:\/\/alatomassages.com\/wp-content\/uploads\/2019\/11\/sauna.jpg","contentUrl":"http:\/\/alatomassages.com\/wp-content\/uploads\/2019\/11\/sauna.jpg"},{"@type":"BreadcrumbList","@id":"https:\/\/alatomassages.com\/index.php\/alato-a-lespace-aquatique\/#breadcrumb","itemListElement":[{"@type":"ListItem","position":1,"name":"Accueil","item":"https:\/\/alatomassages.com\/"},{"@type":"ListItem","position":2,"name":"MASSAGES + SAUNA \/ HAMMAM"}]},{"@type":"WebSite","@id":"https:\/\/alatomassages.com\/#website","url":"https:\/\/alatomassages.com\/","name":"alatomassages","description":"OFFREZ-VOUS CE DONT VOTRE CORPS A R\u00c9ELLEMENT BESOIN !","publisher":{"@id":"https:\/\/alatomassages.com\/#organization"},"potentialAction":[{"@type":"SearchAction","target":{"@type":"EntryPoint","urlTemplate":"https:\/\/alatomassages.com\/?s={search_term_string}"},"query-input":{"@type":"PropertyValueSpecification","valueRequired":true,"valueName":"search_term_string"}}],"inLanguage":"fr-FR"},{"@type":"Organization","@id":"https:\/\/alatomassages.com\/#organization","name":"Alato Massages","url":"https:\/\/alatomassages.com\/","logo":{"@type":"ImageObject","inLanguage":"fr-FR","@id":"https:\/\/alatomassages.com\/#\/schema\/logo\/image\/","url":"https:\/\/alatomassages.com\/wp-content\/uploads\/2019\/03\/cropped-1200x1200px.jpg","contentUrl":"https:\/\/alatomassages.com\/wp-content\/uploads\/2019\/03\/cropped-1200x1200px.jpg","width":240,"height":240,"caption":"Alato Massages"},"image":{"@id":"https:\/\/alatomassages.com\/#\/schema\/logo\/image\/"},"sameAs":["https:\/\/www.facebook.com\/alatomassages"]}]}},"_links":{"self":[{"href":"https:\/\/alatomassages.com\/index.php\/wp-json\/wp\/v2\/pages\/587"}],"collection":[{"href":"https:\/\/alatomassages.com\/index.php\/wp-json\/wp\/v2\/pages"}],"about":[{"href":"https:\/\/alatomassages.com\/index.php\/wp-json\/wp\/v2\/types\/page"}],"author":[{"embeddable":true,"href":"https:\/\/alatomassages.com\/index.php\/wp-json\/wp\/v2\/users\/1"}],"replies":[{"embeddable":true,"href":"https:\/\/alatomassages.com\/index.php\/wp-json\/wp\/v2\/comments?post=587"}],"version-history":[{"count":9,"href":"https:\/\/alatomassages.com\/index.php\/wp-json\/wp\/v2\/pages\/587\/revisions"}],"predecessor-version":[{"id":1090,"href":"https:\/\/alatomassages.com\/index.php\/wp-json\/wp\/v2\/pages\/587\/revisions\/1090"}],"wp:attachment":[{"href":"https:\/\/alatomassages.com\/index.php\/wp-json\/wp\/v2\/media?parent=587"}],"curies":[{"name":"wp","href":"https:\/\/api.w.org\/{rel}","templated":true}]}}