{"id":256,"date":"2019-03-28T15:53:16","date_gmt":"2019-03-28T14:53:16","guid":{"rendered":"http:\/\/alatomassages.com\/?page_id=256"},"modified":"2024-10-18T16:46:14","modified_gmt":"2024-10-18T14:46:14","slug":"alato-cest-ou","status":"publish","type":"page","link":"https:\/\/alatomassages.com\/index.php\/alato-cest-ou\/","title":{"rendered":"Alato, c&rsquo;est o\u00f9 ?"},"content":{"rendered":"\n<p>Les massages vous sont propos\u00e9s sur plusieurs sites :<\/p>\n\n\n\n<h2 class=\"wp-block-heading\">MASSAGES A MORLAIX et ALENTOURS<br><\/h2>\n\n\n\n<p class=\"has-medium-font-size\">Je vous re\u00e7ois \u00e0 mon domicile, au <strong>19, rue du Ch\u00e2teau \u00e0 Morlaix.<\/strong> Une rue calme, sans circulation. Parking ais\u00e9 et gratuit dans la rue ou \u00e0 5 mn \u00e0 pied.<\/p>\n\n\n<div class=\"wp-block-image\">\n<figure class=\"aligncenter size-large is-resized\"><img loading=\"lazy\" decoding=\"async\" width=\"1024\" height=\"472\" src=\"https:\/\/alatomassages.com\/wp-content\/uploads\/2024\/10\/salon-maison-1024x472.jpg\" alt=\"\" class=\"wp-image-1047\" style=\"width:463px;height:auto\" srcset=\"https:\/\/alatomassages.com\/wp-content\/uploads\/2024\/10\/salon-maison-1024x472.jpg 1024w, https:\/\/alatomassages.com\/wp-content\/uploads\/2024\/10\/salon-maison-300x138.jpg 300w, https:\/\/alatomassages.com\/wp-content\/uploads\/2024\/10\/salon-maison-768x354.jpg 768w, https:\/\/alatomassages.com\/wp-content\/uploads\/2024\/10\/salon-maison.jpg 1288w\" sizes=\"(max-width: 1024px) 100vw, 1024px\" \/><\/figure><\/div>\n\n\n<p class=\"has-medium-font-size\">Ambiance tr\u00e8s cocoon dans ma cabine de massage avec la possibilit\u00e9 de vous recevoir en massage duo sur table ou sur futon. <\/p>\n\n\n\n<p class=\"has-medium-font-size\">Pour les duos en massage cachemirien, j&rsquo;ai am\u00e9nag\u00e9 un espace chaleureux dans la maison, au coin du po\u00eale.<\/p>\n\n\n<div class=\"wp-block-image\">\n<figure class=\"aligncenter size-full is-resized\"><img loading=\"lazy\" decoding=\"async\" width=\"480\" height=\"480\" src=\"https:\/\/alatomassages.com\/wp-content\/uploads\/2022\/11\/salon-massage-duo-cach-rotated.jpg\" alt=\"\" class=\"wp-image-969\" style=\"width:336px;height:336px\" srcset=\"https:\/\/alatomassages.com\/wp-content\/uploads\/2022\/11\/salon-massage-duo-cach-rotated.jpg 480w, https:\/\/alatomassages.com\/wp-content\/uploads\/2022\/11\/salon-massage-duo-cach-300x300.jpg 300w, https:\/\/alatomassages.com\/wp-content\/uploads\/2022\/11\/salon-massage-duo-cach-150x150.jpg 150w\" sizes=\"(max-width: 480px) 100vw, 480px\" \/><\/figure><\/div>\n\n\n<p class=\"has-medium-font-size\">Je peux \u00e9galement vous accueillir dans <a href=\"https:\/\/alatomassages.com\/wp-admin\/post.php?post=587&amp;action=edit\"><strong>l&rsquo;espace bien-\u00eatre du centre aquatique de Morlaix communaut\u00e9<\/strong><\/a><strong>, <\/strong>quartier Saint Fiacre \u00e0 Plourin-les-Morlaix avec sauna, hammam, et bassins de natation \u00e0 volont\u00e9.<\/p>\n\n\n\n<p class=\"has-text-align-center has-medium-font-size\"><strong>Tarif suppl\u00e9mentaire : 15 \u20ac par personne. <\/strong><\/p>\n\n\n<div class=\"wp-block-image\">\n<figure class=\"aligncenter size-large is-resized\"><img loading=\"lazy\" decoding=\"async\" width=\"1024\" height=\"683\" src=\"https:\/\/alatomassages.com\/wp-content\/uploads\/2022\/12\/sauna-1024x683.jpg\" alt=\"\" class=\"wp-image-987\" style=\"width:328px;height:219px\" srcset=\"https:\/\/alatomassages.com\/wp-content\/uploads\/2022\/12\/sauna-1024x683.jpg 1024w, https:\/\/alatomassages.com\/wp-content\/uploads\/2022\/12\/sauna-300x200.jpg 300w, https:\/\/alatomassages.com\/wp-content\/uploads\/2022\/12\/sauna-768x512.jpg 768w, https:\/\/alatomassages.com\/wp-content\/uploads\/2022\/12\/sauna-1536x1024.jpg 1536w, https:\/\/alatomassages.com\/wp-content\/uploads\/2022\/12\/sauna-2048x1365.jpg 2048w\" sizes=\"(max-width: 1024px) 100vw, 1024px\" \/><\/figure><\/div>\n\n\n<p class=\"has-medium-font-size\">Possibilit\u00e9 de massage \u00e0 domicile dans un rayon de 20 km de Morlaix.<\/p>\n\n\n\n<p class=\"has-text-align-center has-medium-font-size\"><strong> Forfait d\u00e9placement 10 \u20ac.<\/strong><\/p>\n\n\n\n<p><\/p>\n","protected":false},"excerpt":{"rendered":"<p>Les massages vous sont propos\u00e9s sur plusieurs sites : MASSAGES A MORLAIX et ALENTOURS Je vous re\u00e7ois \u00e0 mon domicile, au 19, rue du Ch\u00e2teau \u00e0 Morlaix. Une rue calme, sans circulation. Parking ais\u00e9 et gratuit dans la rue ou \u00e0 5 mn \u00e0 pied. Ambiance tr\u00e8s cocoon dans ma cabine de massage avec la [&hellip;]<\/p>\n","protected":false},"author":1,"featured_media":0,"parent":0,"menu_order":0,"comment_status":"closed","ping_status":"closed","template":"","meta":{"footnotes":""},"yoast_head":"<!-- This site is optimized with the Yoast SEO plugin v23.9 - https:\/\/yoast.com\/wordpress\/plugins\/seo\/ -->\n<title>Alato, c&#039;est o\u00f9 ? -<\/title>\n<meta name=\"robots\" content=\"index, follow, max-snippet:-1, max-image-preview:large, max-video-preview:-1\" \/>\n<link rel=\"canonical\" href=\"https:\/\/alatomassages.com\/index.php\/alato-cest-ou\/\" \/>\n<meta property=\"og:locale\" content=\"fr_FR\" \/>\n<meta property=\"og:type\" content=\"article\" \/>\n<meta property=\"og:title\" content=\"Alato, c&#039;est o\u00f9 ? -\" \/>\n<meta property=\"og:description\" content=\"Les massages vous sont propos\u00e9s sur plusieurs sites : MASSAGES A MORLAIX et ALENTOURS Je vous re\u00e7ois \u00e0 mon domicile, au 19, rue du Ch\u00e2teau \u00e0 Morlaix. Une rue calme, sans circulation. Parking ais\u00e9 et gratuit dans la rue ou \u00e0 5 mn \u00e0 pied. Ambiance tr\u00e8s cocoon dans ma cabine de massage avec la [&hellip;]\" \/>\n<meta property=\"og:url\" content=\"https:\/\/alatomassages.com\/index.php\/alato-cest-ou\/\" \/>\n<meta property=\"article:publisher\" content=\"https:\/\/www.facebook.com\/alatomassages\" \/>\n<meta property=\"article:modified_time\" content=\"2024-10-18T14:46:14+00:00\" \/>\n<meta property=\"og:image\" content=\"https:\/\/alatomassages.com\/wp-content\/uploads\/2024\/10\/salon-maison.jpg\" \/>\n\t<meta property=\"og:image:width\" content=\"1288\" \/>\n\t<meta property=\"og:image:height\" content=\"594\" \/>\n\t<meta property=\"og:image:type\" content=\"image\/jpeg\" \/>\n<meta name=\"twitter:card\" content=\"summary_large_image\" \/>\n<meta name=\"twitter:label1\" content=\"Dur\u00e9e de lecture estim\u00e9e\" \/>\n\t<meta name=\"twitter:data1\" content=\"1 minute\" \/>\n<script type=\"application\/ld+json\" class=\"yoast-schema-graph\">{\"@context\":\"https:\/\/schema.org\",\"@graph\":[{\"@type\":\"WebPage\",\"@id\":\"https:\/\/alatomassages.com\/index.php\/alato-cest-ou\/\",\"url\":\"https:\/\/alatomassages.com\/index.php\/alato-cest-ou\/\",\"name\":\"Alato, c'est o\u00f9 ? -\",\"isPartOf\":{\"@id\":\"https:\/\/alatomassages.com\/#website\"},\"primaryImageOfPage\":{\"@id\":\"https:\/\/alatomassages.com\/index.php\/alato-cest-ou\/#primaryimage\"},\"image\":{\"@id\":\"https:\/\/alatomassages.com\/index.php\/alato-cest-ou\/#primaryimage\"},\"thumbnailUrl\":\"https:\/\/alatomassages.com\/wp-content\/uploads\/2024\/10\/salon-maison-1024x472.jpg\",\"datePublished\":\"2019-03-28T14:53:16+00:00\",\"dateModified\":\"2024-10-18T14:46:14+00:00\",\"breadcrumb\":{\"@id\":\"https:\/\/alatomassages.com\/index.php\/alato-cest-ou\/#breadcrumb\"},\"inLanguage\":\"fr-FR\",\"potentialAction\":[{\"@type\":\"ReadAction\",\"target\":[\"https:\/\/alatomassages.com\/index.php\/alato-cest-ou\/\"]}]},{\"@type\":\"ImageObject\",\"inLanguage\":\"fr-FR\",\"@id\":\"https:\/\/alatomassages.com\/index.php\/alato-cest-ou\/#primaryimage\",\"url\":\"https:\/\/alatomassages.com\/wp-content\/uploads\/2024\/10\/salon-maison.jpg\",\"contentUrl\":\"https:\/\/alatomassages.com\/wp-content\/uploads\/2024\/10\/salon-maison.jpg\",\"width\":1288,\"height\":594},{\"@type\":\"BreadcrumbList\",\"@id\":\"https:\/\/alatomassages.com\/index.php\/alato-cest-ou\/#breadcrumb\",\"itemListElement\":[{\"@type\":\"ListItem\",\"position\":1,\"name\":\"Accueil\",\"item\":\"https:\/\/alatomassages.com\/\"},{\"@type\":\"ListItem\",\"position\":2,\"name\":\"Alato, c&rsquo;est o\u00f9 ?\"}]},{\"@type\":\"WebSite\",\"@id\":\"https:\/\/alatomassages.com\/#website\",\"url\":\"https:\/\/alatomassages.com\/\",\"name\":\"alatomassages\",\"description\":\"OFFREZ-VOUS CE DONT VOTRE CORPS A R\u00c9ELLEMENT BESOIN !\",\"publisher\":{\"@id\":\"https:\/\/alatomassages.com\/#organization\"},\"potentialAction\":[{\"@type\":\"SearchAction\",\"target\":{\"@type\":\"EntryPoint\",\"urlTemplate\":\"https:\/\/alatomassages.com\/?s={search_term_string}\"},\"query-input\":{\"@type\":\"PropertyValueSpecification\",\"valueRequired\":true,\"valueName\":\"search_term_string\"}}],\"inLanguage\":\"fr-FR\"},{\"@type\":\"Organization\",\"@id\":\"https:\/\/alatomassages.com\/#organization\",\"name\":\"Alato Massages\",\"url\":\"https:\/\/alatomassages.com\/\",\"logo\":{\"@type\":\"ImageObject\",\"inLanguage\":\"fr-FR\",\"@id\":\"https:\/\/alatomassages.com\/#\/schema\/logo\/image\/\",\"url\":\"https:\/\/alatomassages.com\/wp-content\/uploads\/2019\/03\/cropped-1200x1200px.jpg\",\"contentUrl\":\"https:\/\/alatomassages.com\/wp-content\/uploads\/2019\/03\/cropped-1200x1200px.jpg\",\"width\":240,\"height\":240,\"caption\":\"Alato Massages\"},\"image\":{\"@id\":\"https:\/\/alatomassages.com\/#\/schema\/logo\/image\/\"},\"sameAs\":[\"https:\/\/www.facebook.com\/alatomassages\"]}]}<\/script>\n<!-- \/ Yoast SEO plugin. -->","yoast_head_json":{"title":"Alato, c'est o\u00f9 ? -","robots":{"index":"index","follow":"follow","max-snippet":"max-snippet:-1","max-image-preview":"max-image-preview:large","max-video-preview":"max-video-preview:-1"},"canonical":"https:\/\/alatomassages.com\/index.php\/alato-cest-ou\/","og_locale":"fr_FR","og_type":"article","og_title":"Alato, c'est o\u00f9 ? -","og_description":"Les massages vous sont propos\u00e9s sur plusieurs sites : MASSAGES A MORLAIX et ALENTOURS Je vous re\u00e7ois \u00e0 mon domicile, au 19, rue du Ch\u00e2teau \u00e0 Morlaix. Une rue calme, sans circulation. Parking ais\u00e9 et gratuit dans la rue ou \u00e0 5 mn \u00e0 pied. Ambiance tr\u00e8s cocoon dans ma cabine de massage avec la [&hellip;]","og_url":"https:\/\/alatomassages.com\/index.php\/alato-cest-ou\/","article_publisher":"https:\/\/www.facebook.com\/alatomassages","article_modified_time":"2024-10-18T14:46:14+00:00","og_image":[{"width":1288,"height":594,"url":"https:\/\/alatomassages.com\/wp-content\/uploads\/2024\/10\/salon-maison.jpg","type":"image\/jpeg"}],"twitter_card":"summary_large_image","twitter_misc":{"Dur\u00e9e de lecture estim\u00e9e":"1 minute"},"schema":{"@context":"https:\/\/schema.org","@graph":[{"@type":"WebPage","@id":"https:\/\/alatomassages.com\/index.php\/alato-cest-ou\/","url":"https:\/\/alatomassages.com\/index.php\/alato-cest-ou\/","name":"Alato, c'est o\u00f9 ? -","isPartOf":{"@id":"https:\/\/alatomassages.com\/#website"},"primaryImageOfPage":{"@id":"https:\/\/alatomassages.com\/index.php\/alato-cest-ou\/#primaryimage"},"image":{"@id":"https:\/\/alatomassages.com\/index.php\/alato-cest-ou\/#primaryimage"},"thumbnailUrl":"https:\/\/alatomassages.com\/wp-content\/uploads\/2024\/10\/salon-maison-1024x472.jpg","datePublished":"2019-03-28T14:53:16+00:00","dateModified":"2024-10-18T14:46:14+00:00","breadcrumb":{"@id":"https:\/\/alatomassages.com\/index.php\/alato-cest-ou\/#breadcrumb"},"inLanguage":"fr-FR","potentialAction":[{"@type":"ReadAction","target":["https:\/\/alatomassages.com\/index.php\/alato-cest-ou\/"]}]},{"@type":"ImageObject","inLanguage":"fr-FR","@id":"https:\/\/alatomassages.com\/index.php\/alato-cest-ou\/#primaryimage","url":"https:\/\/alatomassages.com\/wp-content\/uploads\/2024\/10\/salon-maison.jpg","contentUrl":"https:\/\/alatomassages.com\/wp-content\/uploads\/2024\/10\/salon-maison.jpg","width":1288,"height":594},{"@type":"BreadcrumbList","@id":"https:\/\/alatomassages.com\/index.php\/alato-cest-ou\/#breadcrumb","itemListElement":[{"@type":"ListItem","position":1,"name":"Accueil","item":"https:\/\/alatomassages.com\/"},{"@type":"ListItem","position":2,"name":"Alato, c&rsquo;est o\u00f9 ?"}]},{"@type":"WebSite","@id":"https:\/\/alatomassages.com\/#website","url":"https:\/\/alatomassages.com\/","name":"alatomassages","description":"OFFREZ-VOUS CE DONT VOTRE CORPS A R\u00c9ELLEMENT BESOIN !","publisher":{"@id":"https:\/\/alatomassages.com\/#organization"},"potentialAction":[{"@type":"SearchAction","target":{"@type":"EntryPoint","urlTemplate":"https:\/\/alatomassages.com\/?s={search_term_string}"},"query-input":{"@type":"PropertyValueSpecification","valueRequired":true,"valueName":"search_term_string"}}],"inLanguage":"fr-FR"},{"@type":"Organization","@id":"https:\/\/alatomassages.com\/#organization","name":"Alato Massages","url":"https:\/\/alatomassages.com\/","logo":{"@type":"ImageObject","inLanguage":"fr-FR","@id":"https:\/\/alatomassages.com\/#\/schema\/logo\/image\/","url":"https:\/\/alatomassages.com\/wp-content\/uploads\/2019\/03\/cropped-1200x1200px.jpg","contentUrl":"https:\/\/alatomassages.com\/wp-content\/uploads\/2019\/03\/cropped-1200x1200px.jpg","width":240,"height":240,"caption":"Alato Massages"},"image":{"@id":"https:\/\/alatomassages.com\/#\/schema\/logo\/image\/"},"sameAs":["https:\/\/www.facebook.com\/alatomassages"]}]}},"_links":{"self":[{"href":"https:\/\/alatomassages.com\/index.php\/wp-json\/wp\/v2\/pages\/256"}],"collection":[{"href":"https:\/\/alatomassages.com\/index.php\/wp-json\/wp\/v2\/pages"}],"about":[{"href":"https:\/\/alatomassages.com\/index.php\/wp-json\/wp\/v2\/types\/page"}],"author":[{"embeddable":true,"href":"https:\/\/alatomassages.com\/index.php\/wp-json\/wp\/v2\/users\/1"}],"replies":[{"embeddable":true,"href":"https:\/\/alatomassages.com\/index.php\/wp-json\/wp\/v2\/comments?post=256"}],"version-history":[{"count":42,"href":"https:\/\/alatomassages.com\/index.php\/wp-json\/wp\/v2\/pages\/256\/revisions"}],"predecessor-version":[{"id":1048,"href":"https:\/\/alatomassages.com\/index.php\/wp-json\/wp\/v2\/pages\/256\/revisions\/1048"}],"wp:attachment":[{"href":"https:\/\/alatomassages.com\/index.php\/wp-json\/wp\/v2\/media?parent=256"}],"curies":[{"name":"wp","href":"https:\/\/api.w.org\/{rel}","templated":true}]}}