{"id":2,"date":"2019-03-20T09:46:28","date_gmt":"2019-03-20T08:46:28","guid":{"rendered":"http:\/\/alatomassages.com\/?page_id=2"},"modified":"2020-12-18T11:29:32","modified_gmt":"2020-12-18T10:29:32","slug":"page-d-exemple","status":"publish","type":"page","link":"https:\/\/alatomassages.com\/","title":{"rendered":"Les massages bien \u00eatre, pourquoi ?"},"content":{"rendered":"\n<figure class=\"wp-block-image\"><img loading=\"lazy\" decoding=\"async\" width=\"820\" height=\"312\" src=\"https:\/\/alatomassages.com\/wp-content\/uploads\/2019\/03\/page-accueil.jpg\" alt=\"\" class=\"wp-image-292\" srcset=\"https:\/\/alatomassages.com\/wp-content\/uploads\/2019\/03\/page-accueil.jpg 820w, https:\/\/alatomassages.com\/wp-content\/uploads\/2019\/03\/page-accueil-300x114.jpg 300w, https:\/\/alatomassages.com\/wp-content\/uploads\/2019\/03\/page-accueil-768x292.jpg 768w\" sizes=\"(max-width: 820px) 100vw, 820px\" \/><\/figure>\n\n\n\n<p>Notre mode de vie occidental a pratiquement banni le toucher.  Celui-ci est v\u00e9cu le plus souvent comme une agression, une intrusion dans la sph\u00e8re intime.<\/p>\n\n\n\n<p>L&rsquo;\u00e9rotisation \u00e0 outrance des relations telle que v\u00e9hicul\u00e9e par les m\u00e9dias, la publicit\u00e9, le cin\u00e9ma ou internet contribue \u00e0 accentuer cette m\u00e9fiance, ce repli sur soi. Et c&rsquo;est ainsi que le toucher est per\u00e7u comme intentionnel, malsain.<\/p>\n\n\n\n<p>Alors, de fait, le toucher dans notre soci\u00e9t\u00e9 s&rsquo;est confin\u00e9 aux relations intimes ou entre parents et jeunes enfants.<\/p>\n\n\n\n<p>Pourtant les travaux scientifiques montrent l&rsquo;importance vitale du toucher dans notre \u00e9quilibre et vitalit\u00e9. Avec humour, Nicole Ferroni nous en parle dans la vid\u00e9o de l&rsquo;article ci-contre<\/p>\n\n\n\n<p>Et dans l&rsquo;article \u00ab\u00a0Bienfaits du massage bien \u00eatre\u00a0\u00bb, vous pourrez lire tout les effets b\u00e9n\u00e9fiques directs que peuvent apporter les diff\u00e9rents modes de massages bien-\u00eatre, notamment : <\/p>\n\n\n\n<ul><li><strong>Une profonde d\u00e9tente, <\/strong><\/li><li><strong>la r\u00e9duction des raideurs et  des tensions musculaires, <\/strong><\/li><li><strong>un apaisement des maux de t\u00eates, <\/strong><\/li><li><strong>une stimulation des d\u00e9fenses immunitaires, <\/strong><\/li><li><strong>une meilleure circulation sanguine et lymphatique <\/strong><\/li><li><strong>et bien s\u00fbr une meilleure r\u00e9sistance au stress.<\/strong> <br><strong><br> ALORS, AVEC ALATO MASSAGES, OFFREZ-VOUS CE DONT VOTRE CORPS A R\u00c9ELLEMENT BESOIN&nbsp;!<\/strong> <\/li><\/ul>\n\n\n\n<p><\/p>\n","protected":false},"excerpt":{"rendered":"<p>Notre mode de vie occidental a pratiquement banni le toucher. Celui-ci est v\u00e9cu le plus souvent comme une agression, une intrusion dans la sph\u00e8re intime. L&rsquo;\u00e9rotisation \u00e0 outrance des relations telle que v\u00e9hicul\u00e9e par les m\u00e9dias, la publicit\u00e9, le cin\u00e9ma ou internet contribue \u00e0 accentuer cette m\u00e9fiance, ce repli sur soi. Et c&rsquo;est ainsi que [&hellip;]<\/p>\n","protected":false},"author":1,"featured_media":0,"parent":0,"menu_order":0,"comment_status":"closed","ping_status":"open","template":"","meta":{"footnotes":""},"yoast_head":"<!-- This site is optimized with the Yoast SEO plugin v23.9 - https:\/\/yoast.com\/wordpress\/plugins\/seo\/ -->\n<title>Les massages bien \u00eatre, pourquoi ? -<\/title>\n<meta name=\"robots\" content=\"index, follow, max-snippet:-1, max-image-preview:large, max-video-preview:-1\" \/>\n<link rel=\"canonical\" href=\"https:\/\/alatomassages.com\/\" \/>\n<meta property=\"og:locale\" content=\"fr_FR\" \/>\n<meta property=\"og:type\" content=\"article\" \/>\n<meta property=\"og:title\" content=\"Les massages bien \u00eatre, pourquoi ? -\" \/>\n<meta property=\"og:description\" content=\"Notre mode de vie occidental a pratiquement banni le toucher. Celui-ci est v\u00e9cu le plus souvent comme une agression, une intrusion dans la sph\u00e8re intime. L&rsquo;\u00e9rotisation \u00e0 outrance des relations telle que v\u00e9hicul\u00e9e par les m\u00e9dias, la publicit\u00e9, le cin\u00e9ma ou internet contribue \u00e0 accentuer cette m\u00e9fiance, ce repli sur soi. Et c&rsquo;est ainsi que [&hellip;]\" \/>\n<meta property=\"og:url\" content=\"https:\/\/alatomassages.com\/\" \/>\n<meta property=\"article:publisher\" content=\"https:\/\/www.facebook.com\/alatomassages\" \/>\n<meta property=\"article:modified_time\" content=\"2020-12-18T10:29:32+00:00\" \/>\n<meta property=\"og:image\" content=\"http:\/\/alatomassages.com\/wp-content\/uploads\/2019\/03\/page-accueil.jpg\" \/>\n<meta name=\"twitter:card\" content=\"summary_large_image\" \/>\n<meta name=\"twitter:label1\" content=\"Dur\u00e9e de lecture estim\u00e9e\" \/>\n\t<meta name=\"twitter:data1\" content=\"1 minute\" \/>\n<script type=\"application\/ld+json\" class=\"yoast-schema-graph\">{\"@context\":\"https:\/\/schema.org\",\"@graph\":[{\"@type\":\"WebPage\",\"@id\":\"https:\/\/alatomassages.com\/\",\"url\":\"https:\/\/alatomassages.com\/\",\"name\":\"Les massages bien \u00eatre, pourquoi ? -\",\"isPartOf\":{\"@id\":\"https:\/\/alatomassages.com\/#website\"},\"primaryImageOfPage\":{\"@id\":\"https:\/\/alatomassages.com\/#primaryimage\"},\"image\":{\"@id\":\"https:\/\/alatomassages.com\/#primaryimage\"},\"thumbnailUrl\":\"http:\/\/alatomassages.com\/wp-content\/uploads\/2019\/03\/page-accueil.jpg\",\"datePublished\":\"2019-03-20T08:46:28+00:00\",\"dateModified\":\"2020-12-18T10:29:32+00:00\",\"breadcrumb\":{\"@id\":\"https:\/\/alatomassages.com\/#breadcrumb\"},\"inLanguage\":\"fr-FR\",\"potentialAction\":[{\"@type\":\"ReadAction\",\"target\":[\"https:\/\/alatomassages.com\/\"]}]},{\"@type\":\"ImageObject\",\"inLanguage\":\"fr-FR\",\"@id\":\"https:\/\/alatomassages.com\/#primaryimage\",\"url\":\"http:\/\/alatomassages.com\/wp-content\/uploads\/2019\/03\/page-accueil.jpg\",\"contentUrl\":\"http:\/\/alatomassages.com\/wp-content\/uploads\/2019\/03\/page-accueil.jpg\"},{\"@type\":\"BreadcrumbList\",\"@id\":\"https:\/\/alatomassages.com\/#breadcrumb\",\"itemListElement\":[{\"@type\":\"ListItem\",\"position\":1,\"name\":\"Accueil\",\"item\":\"https:\/\/alatomassages.com\/\"},{\"@type\":\"ListItem\",\"position\":2,\"name\":\"Les massages bien \u00eatre, pourquoi ?\"}]},{\"@type\":\"WebSite\",\"@id\":\"https:\/\/alatomassages.com\/#website\",\"url\":\"https:\/\/alatomassages.com\/\",\"name\":\"alatomassages\",\"description\":\"OFFREZ-VOUS CE DONT VOTRE CORPS A R\u00c9ELLEMENT BESOIN !\",\"publisher\":{\"@id\":\"https:\/\/alatomassages.com\/#organization\"},\"potentialAction\":[{\"@type\":\"SearchAction\",\"target\":{\"@type\":\"EntryPoint\",\"urlTemplate\":\"https:\/\/alatomassages.com\/?s={search_term_string}\"},\"query-input\":{\"@type\":\"PropertyValueSpecification\",\"valueRequired\":true,\"valueName\":\"search_term_string\"}}],\"inLanguage\":\"fr-FR\"},{\"@type\":\"Organization\",\"@id\":\"https:\/\/alatomassages.com\/#organization\",\"name\":\"Alato Massages\",\"url\":\"https:\/\/alatomassages.com\/\",\"logo\":{\"@type\":\"ImageObject\",\"inLanguage\":\"fr-FR\",\"@id\":\"https:\/\/alatomassages.com\/#\/schema\/logo\/image\/\",\"url\":\"https:\/\/alatomassages.com\/wp-content\/uploads\/2019\/03\/cropped-1200x1200px.jpg\",\"contentUrl\":\"https:\/\/alatomassages.com\/wp-content\/uploads\/2019\/03\/cropped-1200x1200px.jpg\",\"width\":240,\"height\":240,\"caption\":\"Alato Massages\"},\"image\":{\"@id\":\"https:\/\/alatomassages.com\/#\/schema\/logo\/image\/\"},\"sameAs\":[\"https:\/\/www.facebook.com\/alatomassages\"]}]}<\/script>\n<!-- \/ Yoast SEO plugin. -->","yoast_head_json":{"title":"Les massages bien \u00eatre, pourquoi ? -","robots":{"index":"index","follow":"follow","max-snippet":"max-snippet:-1","max-image-preview":"max-image-preview:large","max-video-preview":"max-video-preview:-1"},"canonical":"https:\/\/alatomassages.com\/","og_locale":"fr_FR","og_type":"article","og_title":"Les massages bien \u00eatre, pourquoi ? -","og_description":"Notre mode de vie occidental a pratiquement banni le toucher. Celui-ci est v\u00e9cu le plus souvent comme une agression, une intrusion dans la sph\u00e8re intime. L&rsquo;\u00e9rotisation \u00e0 outrance des relations telle que v\u00e9hicul\u00e9e par les m\u00e9dias, la publicit\u00e9, le cin\u00e9ma ou internet contribue \u00e0 accentuer cette m\u00e9fiance, ce repli sur soi. Et c&rsquo;est ainsi que [&hellip;]","og_url":"https:\/\/alatomassages.com\/","article_publisher":"https:\/\/www.facebook.com\/alatomassages","article_modified_time":"2020-12-18T10:29:32+00:00","og_image":[{"url":"http:\/\/alatomassages.com\/wp-content\/uploads\/2019\/03\/page-accueil.jpg"}],"twitter_card":"summary_large_image","twitter_misc":{"Dur\u00e9e de lecture estim\u00e9e":"1 minute"},"schema":{"@context":"https:\/\/schema.org","@graph":[{"@type":"WebPage","@id":"https:\/\/alatomassages.com\/","url":"https:\/\/alatomassages.com\/","name":"Les massages bien \u00eatre, pourquoi ? -","isPartOf":{"@id":"https:\/\/alatomassages.com\/#website"},"primaryImageOfPage":{"@id":"https:\/\/alatomassages.com\/#primaryimage"},"image":{"@id":"https:\/\/alatomassages.com\/#primaryimage"},"thumbnailUrl":"http:\/\/alatomassages.com\/wp-content\/uploads\/2019\/03\/page-accueil.jpg","datePublished":"2019-03-20T08:46:28+00:00","dateModified":"2020-12-18T10:29:32+00:00","breadcrumb":{"@id":"https:\/\/alatomassages.com\/#breadcrumb"},"inLanguage":"fr-FR","potentialAction":[{"@type":"ReadAction","target":["https:\/\/alatomassages.com\/"]}]},{"@type":"ImageObject","inLanguage":"fr-FR","@id":"https:\/\/alatomassages.com\/#primaryimage","url":"http:\/\/alatomassages.com\/wp-content\/uploads\/2019\/03\/page-accueil.jpg","contentUrl":"http:\/\/alatomassages.com\/wp-content\/uploads\/2019\/03\/page-accueil.jpg"},{"@type":"BreadcrumbList","@id":"https:\/\/alatomassages.com\/#breadcrumb","itemListElement":[{"@type":"ListItem","position":1,"name":"Accueil","item":"https:\/\/alatomassages.com\/"},{"@type":"ListItem","position":2,"name":"Les massages bien \u00eatre, pourquoi ?"}]},{"@type":"WebSite","@id":"https:\/\/alatomassages.com\/#website","url":"https:\/\/alatomassages.com\/","name":"alatomassages","description":"OFFREZ-VOUS CE DONT VOTRE CORPS A R\u00c9ELLEMENT BESOIN !","publisher":{"@id":"https:\/\/alatomassages.com\/#organization"},"potentialAction":[{"@type":"SearchAction","target":{"@type":"EntryPoint","urlTemplate":"https:\/\/alatomassages.com\/?s={search_term_string}"},"query-input":{"@type":"PropertyValueSpecification","valueRequired":true,"valueName":"search_term_string"}}],"inLanguage":"fr-FR"},{"@type":"Organization","@id":"https:\/\/alatomassages.com\/#organization","name":"Alato Massages","url":"https:\/\/alatomassages.com\/","logo":{"@type":"ImageObject","inLanguage":"fr-FR","@id":"https:\/\/alatomassages.com\/#\/schema\/logo\/image\/","url":"https:\/\/alatomassages.com\/wp-content\/uploads\/2019\/03\/cropped-1200x1200px.jpg","contentUrl":"https:\/\/alatomassages.com\/wp-content\/uploads\/2019\/03\/cropped-1200x1200px.jpg","width":240,"height":240,"caption":"Alato Massages"},"image":{"@id":"https:\/\/alatomassages.com\/#\/schema\/logo\/image\/"},"sameAs":["https:\/\/www.facebook.com\/alatomassages"]}]}},"_links":{"self":[{"href":"https:\/\/alatomassages.com\/index.php\/wp-json\/wp\/v2\/pages\/2"}],"collection":[{"href":"https:\/\/alatomassages.com\/index.php\/wp-json\/wp\/v2\/pages"}],"about":[{"href":"https:\/\/alatomassages.com\/index.php\/wp-json\/wp\/v2\/types\/page"}],"author":[{"embeddable":true,"href":"https:\/\/alatomassages.com\/index.php\/wp-json\/wp\/v2\/users\/1"}],"replies":[{"embeddable":true,"href":"https:\/\/alatomassages.com\/index.php\/wp-json\/wp\/v2\/comments?post=2"}],"version-history":[{"count":30,"href":"https:\/\/alatomassages.com\/index.php\/wp-json\/wp\/v2\/pages\/2\/revisions"}],"predecessor-version":[{"id":772,"href":"https:\/\/alatomassages.com\/index.php\/wp-json\/wp\/v2\/pages\/2\/revisions\/772"}],"wp:attachment":[{"href":"https:\/\/alatomassages.com\/index.php\/wp-json\/wp\/v2\/media?parent=2"}],"curies":[{"name":"wp","href":"https:\/\/api.w.org\/{rel}","templated":true}]}}