{"id":197,"date":"2019-03-28T12:54:43","date_gmt":"2019-03-28T11:54:43","guid":{"rendered":"http:\/\/alatomassages.com\/?page_id=197"},"modified":"2020-06-16T17:29:50","modified_gmt":"2020-06-16T15:29:50","slug":"tarifs-et-reservations","status":"publish","type":"page","link":"https:\/\/alatomassages.com\/index.php\/tarifs-et-reservations\/","title":{"rendered":"Contact et informations"},"content":{"rendered":"\n<p><br><\/p>\n\n\n\n<h2 class=\"wp-block-heading\">Vous voulez \u00eatre contact\u00e9s ? Laissez nous un message !<\/h2>\n\n\n\n<pre class=\"wp-block-preformatted\"><div role=\"form\" class=\"wpcf7\" id=\"wpcf7-f660-o1\" lang=\"fr-FR\" dir=\"ltr\">\n<div class=\"screen-reader-response\"><p role=\"status\" aria-live=\"polite\" aria-atomic=\"true\"><\/p> <ul><\/ul><\/div>\n<form action=\"\/index.php\/wp-json\/wp\/v2\/pages\/197#wpcf7-f660-o1\" method=\"post\" class=\"wpcf7-form init\" novalidate=\"novalidate\" data-status=\"init\">\n<div style=\"display: none;\">\n<input type=\"hidden\" name=\"_wpcf7\" value=\"660\" \/>\n<input type=\"hidden\" name=\"_wpcf7_version\" value=\"5.5.6\" \/>\n<input type=\"hidden\" name=\"_wpcf7_locale\" value=\"fr_FR\" \/>\n<input type=\"hidden\" name=\"_wpcf7_unit_tag\" value=\"wpcf7-f660-o1\" \/>\n<input type=\"hidden\" name=\"_wpcf7_container_post\" value=\"0\" \/>\n<input type=\"hidden\" name=\"_wpcf7_posted_data_hash\" value=\"\" \/>\n<\/div>\n<p><label> Votre nom (obligatoire)<br \/>\n    <span class=\"wpcf7-form-control-wrap your-name\"><input type=\"text\" name=\"your-name\" value=\"\" size=\"40\" class=\"wpcf7-form-control wpcf7-text wpcf7-validates-as-required\" aria-required=\"true\" aria-invalid=\"false\" \/><\/span> <\/label><\/p>\n<p><label> Votre adresse de messagerie (obligatoire)<br \/>\n    <span class=\"wpcf7-form-control-wrap your-email\"><input type=\"email\" name=\"your-email\" value=\"\" size=\"40\" class=\"wpcf7-form-control wpcf7-text wpcf7-email wpcf7-validates-as-required wpcf7-validates-as-email\" aria-required=\"true\" aria-invalid=\"false\" \/><\/span> <\/label><\/p>\n<p><label> Objet<br \/>\n    <span class=\"wpcf7-form-control-wrap your-subject\"><input type=\"text\" name=\"your-subject\" value=\"\" size=\"40\" class=\"wpcf7-form-control wpcf7-text\" aria-invalid=\"false\" \/><\/span> <\/label><\/p>\n<p><label> Votre message<br \/>\n    <span class=\"wpcf7-form-control-wrap your-message\"><textarea name=\"your-message\" cols=\"40\" rows=\"10\" class=\"wpcf7-form-control wpcf7-textarea\" aria-invalid=\"false\"><\/textarea><\/span> <\/label><\/p>\n<p><input type=\"submit\" value=\"Envoyer\" class=\"wpcf7-form-control has-spinner wpcf7-submit\" \/><\/p>\n<p style=\"display: none !important;\"><label>&#916;<textarea name=\"_wpcf7_ak_hp_textarea\" cols=\"45\" rows=\"8\" maxlength=\"100\"><\/textarea><\/label><input type=\"hidden\" id=\"ak_js_1\" name=\"_wpcf7_ak_js\" value=\"209\"\/><script>document.getElementById( \"ak_js_1\" ).setAttribute( \"value\", ( new Date() ).getTime() );<\/script><\/p><div class=\"wpcf7-response-output\" aria-hidden=\"true\"><\/div><\/form><\/div><\/pre>\n\n\n\n<p><br><\/p>\n\n\n\n<h2 class=\"wp-block-heading\">Ou appelez-nous directement :<\/h2>\n\n\n\n<p>t\u00e9l 06 32 45 29 08 <\/p>\n\n\n\n<p>Patrick Cr\u00e9ac&rsquo;h  19, rue du Ch\u00e2teau   29600 Morlaix <\/p>\n\n\n\n<p>Facebook : <a href=\"https:\/\/www.facebook.com\/alatomassages\/\">@alatomassages<\/a><\/p>\n\n\n\n<p>Mail :  contact@alatomassages.com<\/p>\n\n\n\n<p><\/p>\n\n\n\n<p>Alato massages bien \u00eatre est une micro entreprise enregistr\u00e9e sous le num\u00e9ro de siret 488 735 960 00020<\/p>\n\n\n\n<p><a href=\"https:\/\/alatomassages.com\/wp-admin\/post.php?post=197&amp;action=edit\">Edit<\/a><\/p>\n\n\n\n<div class=\"wp-block-button\"><a class=\"wp-block-button__link has-background has-pale-pink-background-color\" href=\"https:\/\/alatomassages.com\/wp-content\/uploads\/2020\/06\/Mentions-l\u00e9gales-et-politique-de-confidentialit\u00e9-micro-entreprise.pdf\">T\u00e9l\u00e9charger les mentions l\u00e9gales de protection des donn\u00e9es<br><\/a><\/div>\n","protected":false},"excerpt":{"rendered":"<p>Vous voulez \u00eatre contact\u00e9s ? Laissez nous un message ! Ou appelez-nous directement : t\u00e9l 06 32 45 29 08 Patrick Cr\u00e9ac&rsquo;h 19, rue du Ch\u00e2teau 29600 Morlaix Facebook : @alatomassages Mail : contact@alatomassages.com Alato massages bien \u00eatre est une micro entreprise enregistr\u00e9e sous le num\u00e9ro de siret 488 735 960 00020 Edit<\/p>\n","protected":false},"author":1,"featured_media":0,"parent":0,"menu_order":0,"comment_status":"closed","ping_status":"closed","template":"","meta":{"footnotes":""},"yoast_head":"<!-- This site is optimized with the Yoast SEO plugin v23.9 - https:\/\/yoast.com\/wordpress\/plugins\/seo\/ -->\n<title>Contact et informations -<\/title>\n<meta name=\"robots\" content=\"index, follow, max-snippet:-1, max-image-preview:large, max-video-preview:-1\" \/>\n<link rel=\"canonical\" href=\"https:\/\/alatomassages.com\/index.php\/tarifs-et-reservations\/\" \/>\n<meta property=\"og:locale\" content=\"fr_FR\" \/>\n<meta property=\"og:type\" content=\"article\" \/>\n<meta property=\"og:title\" content=\"Contact et informations -\" \/>\n<meta property=\"og:description\" content=\"Vous voulez \u00eatre contact\u00e9s ? Laissez nous un message ! Ou appelez-nous directement : t\u00e9l 06 32 45 29 08 Patrick Cr\u00e9ac&rsquo;h 19, rue du Ch\u00e2teau 29600 Morlaix Facebook : @alatomassages Mail : contact@alatomassages.com Alato massages bien \u00eatre est une micro entreprise enregistr\u00e9e sous le num\u00e9ro de siret 488 735 960 00020 Edit\" \/>\n<meta property=\"og:url\" content=\"https:\/\/alatomassages.com\/index.php\/tarifs-et-reservations\/\" \/>\n<meta property=\"article:publisher\" content=\"https:\/\/www.facebook.com\/alatomassages\" \/>\n<meta property=\"article:modified_time\" content=\"2020-06-16T15:29:50+00:00\" \/>\n<meta name=\"twitter:card\" content=\"summary_large_image\" \/>\n<script type=\"application\/ld+json\" class=\"yoast-schema-graph\">{\"@context\":\"https:\/\/schema.org\",\"@graph\":[{\"@type\":\"WebPage\",\"@id\":\"https:\/\/alatomassages.com\/index.php\/tarifs-et-reservations\/\",\"url\":\"https:\/\/alatomassages.com\/index.php\/tarifs-et-reservations\/\",\"name\":\"Contact et informations -\",\"isPartOf\":{\"@id\":\"https:\/\/alatomassages.com\/#website\"},\"datePublished\":\"2019-03-28T11:54:43+00:00\",\"dateModified\":\"2020-06-16T15:29:50+00:00\",\"breadcrumb\":{\"@id\":\"https:\/\/alatomassages.com\/index.php\/tarifs-et-reservations\/#breadcrumb\"},\"inLanguage\":\"fr-FR\",\"potentialAction\":[{\"@type\":\"ReadAction\",\"target\":[\"https:\/\/alatomassages.com\/index.php\/tarifs-et-reservations\/\"]}]},{\"@type\":\"BreadcrumbList\",\"@id\":\"https:\/\/alatomassages.com\/index.php\/tarifs-et-reservations\/#breadcrumb\",\"itemListElement\":[{\"@type\":\"ListItem\",\"position\":1,\"name\":\"Accueil\",\"item\":\"https:\/\/alatomassages.com\/\"},{\"@type\":\"ListItem\",\"position\":2,\"name\":\"Contact et informations\"}]},{\"@type\":\"WebSite\",\"@id\":\"https:\/\/alatomassages.com\/#website\",\"url\":\"https:\/\/alatomassages.com\/\",\"name\":\"alatomassages\",\"description\":\"OFFREZ-VOUS CE DONT VOTRE CORPS A R\u00c9ELLEMENT BESOIN !\",\"publisher\":{\"@id\":\"https:\/\/alatomassages.com\/#organization\"},\"potentialAction\":[{\"@type\":\"SearchAction\",\"target\":{\"@type\":\"EntryPoint\",\"urlTemplate\":\"https:\/\/alatomassages.com\/?s={search_term_string}\"},\"query-input\":{\"@type\":\"PropertyValueSpecification\",\"valueRequired\":true,\"valueName\":\"search_term_string\"}}],\"inLanguage\":\"fr-FR\"},{\"@type\":\"Organization\",\"@id\":\"https:\/\/alatomassages.com\/#organization\",\"name\":\"Alato Massages\",\"url\":\"https:\/\/alatomassages.com\/\",\"logo\":{\"@type\":\"ImageObject\",\"inLanguage\":\"fr-FR\",\"@id\":\"https:\/\/alatomassages.com\/#\/schema\/logo\/image\/\",\"url\":\"https:\/\/alatomassages.com\/wp-content\/uploads\/2019\/03\/cropped-1200x1200px.jpg\",\"contentUrl\":\"https:\/\/alatomassages.com\/wp-content\/uploads\/2019\/03\/cropped-1200x1200px.jpg\",\"width\":240,\"height\":240,\"caption\":\"Alato Massages\"},\"image\":{\"@id\":\"https:\/\/alatomassages.com\/#\/schema\/logo\/image\/\"},\"sameAs\":[\"https:\/\/www.facebook.com\/alatomassages\"]}]}<\/script>\n<!-- \/ Yoast SEO plugin. -->","yoast_head_json":{"title":"Contact et informations -","robots":{"index":"index","follow":"follow","max-snippet":"max-snippet:-1","max-image-preview":"max-image-preview:large","max-video-preview":"max-video-preview:-1"},"canonical":"https:\/\/alatomassages.com\/index.php\/tarifs-et-reservations\/","og_locale":"fr_FR","og_type":"article","og_title":"Contact et informations -","og_description":"Vous voulez \u00eatre contact\u00e9s ? Laissez nous un message ! Ou appelez-nous directement : t\u00e9l 06 32 45 29 08 Patrick Cr\u00e9ac&rsquo;h 19, rue du Ch\u00e2teau 29600 Morlaix Facebook : @alatomassages Mail : contact@alatomassages.com Alato massages bien \u00eatre est une micro entreprise enregistr\u00e9e sous le num\u00e9ro de siret 488 735 960 00020 Edit","og_url":"https:\/\/alatomassages.com\/index.php\/tarifs-et-reservations\/","article_publisher":"https:\/\/www.facebook.com\/alatomassages","article_modified_time":"2020-06-16T15:29:50+00:00","twitter_card":"summary_large_image","schema":{"@context":"https:\/\/schema.org","@graph":[{"@type":"WebPage","@id":"https:\/\/alatomassages.com\/index.php\/tarifs-et-reservations\/","url":"https:\/\/alatomassages.com\/index.php\/tarifs-et-reservations\/","name":"Contact et informations -","isPartOf":{"@id":"https:\/\/alatomassages.com\/#website"},"datePublished":"2019-03-28T11:54:43+00:00","dateModified":"2020-06-16T15:29:50+00:00","breadcrumb":{"@id":"https:\/\/alatomassages.com\/index.php\/tarifs-et-reservations\/#breadcrumb"},"inLanguage":"fr-FR","potentialAction":[{"@type":"ReadAction","target":["https:\/\/alatomassages.com\/index.php\/tarifs-et-reservations\/"]}]},{"@type":"BreadcrumbList","@id":"https:\/\/alatomassages.com\/index.php\/tarifs-et-reservations\/#breadcrumb","itemListElement":[{"@type":"ListItem","position":1,"name":"Accueil","item":"https:\/\/alatomassages.com\/"},{"@type":"ListItem","position":2,"name":"Contact et informations"}]},{"@type":"WebSite","@id":"https:\/\/alatomassages.com\/#website","url":"https:\/\/alatomassages.com\/","name":"alatomassages","description":"OFFREZ-VOUS CE DONT VOTRE CORPS A R\u00c9ELLEMENT BESOIN !","publisher":{"@id":"https:\/\/alatomassages.com\/#organization"},"potentialAction":[{"@type":"SearchAction","target":{"@type":"EntryPoint","urlTemplate":"https:\/\/alatomassages.com\/?s={search_term_string}"},"query-input":{"@type":"PropertyValueSpecification","valueRequired":true,"valueName":"search_term_string"}}],"inLanguage":"fr-FR"},{"@type":"Organization","@id":"https:\/\/alatomassages.com\/#organization","name":"Alato Massages","url":"https:\/\/alatomassages.com\/","logo":{"@type":"ImageObject","inLanguage":"fr-FR","@id":"https:\/\/alatomassages.com\/#\/schema\/logo\/image\/","url":"https:\/\/alatomassages.com\/wp-content\/uploads\/2019\/03\/cropped-1200x1200px.jpg","contentUrl":"https:\/\/alatomassages.com\/wp-content\/uploads\/2019\/03\/cropped-1200x1200px.jpg","width":240,"height":240,"caption":"Alato Massages"},"image":{"@id":"https:\/\/alatomassages.com\/#\/schema\/logo\/image\/"},"sameAs":["https:\/\/www.facebook.com\/alatomassages"]}]}},"_links":{"self":[{"href":"https:\/\/alatomassages.com\/index.php\/wp-json\/wp\/v2\/pages\/197"}],"collection":[{"href":"https:\/\/alatomassages.com\/index.php\/wp-json\/wp\/v2\/pages"}],"about":[{"href":"https:\/\/alatomassages.com\/index.php\/wp-json\/wp\/v2\/types\/page"}],"author":[{"embeddable":true,"href":"https:\/\/alatomassages.com\/index.php\/wp-json\/wp\/v2\/users\/1"}],"replies":[{"embeddable":true,"href":"https:\/\/alatomassages.com\/index.php\/wp-json\/wp\/v2\/comments?post=197"}],"version-history":[{"count":31,"href":"https:\/\/alatomassages.com\/index.php\/wp-json\/wp\/v2\/pages\/197\/revisions"}],"predecessor-version":[{"id":699,"href":"https:\/\/alatomassages.com\/index.php\/wp-json\/wp\/v2\/pages\/197\/revisions\/699"}],"wp:attachment":[{"href":"https:\/\/alatomassages.com\/index.php\/wp-json\/wp\/v2\/media?parent=197"}],"curies":[{"name":"wp","href":"https:\/\/api.w.org\/{rel}","templated":true}]}}