{"id":185,"date":"2019-03-28T12:40:50","date_gmt":"2019-03-28T11:40:50","guid":{"rendered":"http:\/\/alatomassages.com\/?page_id=185"},"modified":"2026-02-18T12:18:58","modified_gmt":"2026-02-18T11:18:58","slug":"massage-cachemirien","status":"publish","type":"page","link":"https:\/\/alatomassages.com\/index.php\/massage-cachemirien\/","title":{"rendered":"Le massage tantrique cachemirien Alato"},"content":{"rendered":"<div class=\"wp-block-image is-resized\">\n<figure class=\"aligncenter\"><img loading=\"lazy\" decoding=\"async\" width=\"940\" height=\"788\" src=\"https:\/\/alatomassages.com\/wp-content\/uploads\/2020\/06\/MASSAGE-CACHEMIRIEN-GP-2020.jpg\" alt=\"\" class=\"wp-image-706\" srcset=\"https:\/\/alatomassages.com\/wp-content\/uploads\/2020\/06\/MASSAGE-CACHEMIRIEN-GP-2020.jpg 940w, https:\/\/alatomassages.com\/wp-content\/uploads\/2020\/06\/MASSAGE-CACHEMIRIEN-GP-2020-300x251.jpg 300w, https:\/\/alatomassages.com\/wp-content\/uploads\/2020\/06\/MASSAGE-CACHEMIRIEN-GP-2020-768x644.jpg 768w\" sizes=\"(max-width: 940px) 100vw, 940px\" \/><\/figure><\/div>\n\n\n<p class=\"has-medium-font-size\">Le massage tantrique cachemirien Alato  est principalement issu de la tradition shiva\u00efte tantrique.<\/p>\n\n\n\n<p class=\"has-medium-font-size\">Pour une  progression encore plus douce dans le l\u00e2cher prise du corps et du mental, des s\u00e9quences du massage Tao et Bodhypnosis sont venues enrichir ce massage unique propos\u00e9 par Alato.<\/p>\n\n\n\n<p class=\"has-medium-font-size\">C\u2019est est une v\u00e9ritable danse sacr\u00e9e qui touche l&rsquo;\u00eatre dans sa globalit\u00e9, physique et spirituelle. Ce massage est propos\u00e9 aux personnes qui souhaitent se relier \u00e0 leurs \u00e9nergies profondes. <\/p>\n\n\n\n<p class=\"has-medium-font-size\">Pratiqu\u00e9 apr\u00e8s un temps de parole et dans un cadre totalement s\u00e9curisant, il permet le l\u00e2cher prise complet et la d\u00e9couverte d\u2019une autre mani\u00e8re de vivre la sensualit\u00e9 sans  jugement et en toute confiance. <\/p>\n\n\n\n<p class=\"has-medium-font-size\">C&rsquo;est un massage de gu\u00e9rison des blessures secr\u00e8tes. Une mani\u00e8re de reprendre confiance en soi, d&rsquo;affirmer ses besoins et de se respecter. <\/p>\n\n\n\n<p class=\"has-medium-font-size\">Le massage cachemirien Alato peut se donner ind\u00e9pendamment du genre : homme\/femme, homme\/homme, femme\/femme.<\/p>\n\n\n\n<p class=\"has-medium-font-size\">Le massage cachemirien Alato est un massage lent, doux et puissant qui se pratique au sol, sur un futon, sur tout le corps et \u00e0 l&rsquo;huile.<\/p>\n\n\n<div class=\"wp-block-image is-style-rounded\">\n<figure class=\"aligncenter size-large\"><img loading=\"lazy\" decoding=\"async\" width=\"480\" height=\"480\" src=\"https:\/\/alatomassages.com\/wp-content\/uploads\/2021\/10\/salon-cach-2-1-rotated.jpg\" alt=\"\" class=\"wp-image-845\" srcset=\"https:\/\/alatomassages.com\/wp-content\/uploads\/2021\/10\/salon-cach-2-1-rotated.jpg 480w, https:\/\/alatomassages.com\/wp-content\/uploads\/2021\/10\/salon-cach-2-1-300x300.jpg 300w, https:\/\/alatomassages.com\/wp-content\/uploads\/2021\/10\/salon-cach-2-1-150x150.jpg 150w\" sizes=\"(max-width: 480px) 100vw, 480px\" \/><\/figure><\/div>\n\n\n<p class=\"has-medium-font-size\">C\u2019est enfin un pr\u00e9cieux cadeau \u00e0 se donner pour en couple, une mani\u00e8re de se surprendre, de sortir de la routine et r\u00e9veiller une complicit\u00e9 endormie. En massage couple, Patrick intervient seul ou en duo avec une coll\u00e8gue.<\/p>\n\n\n\n<p><\/p>\n\n\n\n<div class=\"wp-block-button aligncenter\"><a class=\"wp-block-button__link has-cyan-bluish-gray-background-color has-background wp-element-button\" href=\"https:\/\/alatomassages.com\/wp-content\/uploads\/2020\/10\/Le-massage-cachemirien-v4-textes.pdf\">T\u00e9l\u00e9charger la pr\u00e9sentation du massage cachemirien<br><\/a><\/div>\n\n\n\n<div class=\"wp-block-button aligncenter\"><a class=\"wp-block-button__link has-cyan-bluish-gray-background-color has-background wp-element-button\" href=\"https:\/\/alatomassages.com\/wp-content\/uploads\/2023\/03\/Retour-massage-cachemirien-150323-1.pdf\">Lire les t\u00e9moignages<br><\/a><\/div>\n\n\n\n<div class=\"wp-block-button aligncenter\"><a class=\"wp-block-button__link has-cyan-bluish-gray-background-color has-background wp-element-button\" href=\"https:\/\/alatomassages.com\/wp-content\/uploads\/2021\/12\/Retour-massage-cachemirien-couple-1.pdf\">T\u00e9moignages cachemirien couple<br><\/a><\/div>\n\n\n\n<p class=\"has-medium-font-size\">Pr\u00e9cision : Les dur\u00e9es indiqu\u00e9es int\u00e8grent le temps de parole et le vestiaire d&rsquo;une demi heure environ.<\/p>\n\n\n\n<h2 class=\"wp-block-heading\">Les formules propos\u00e9es <\/h2>\n\n\n\n<p><\/p>\n\n\n\n<p>L&rsquo;argent ne doit pas \u00eatre un frein pour acc\u00e9der \u00e0 cette pratique pr\u00e9cieuse. Si vous avez des difficult\u00e9s, nous pouvons en parler et adapter nos propositions.<\/p>\n\n\n\n<figure class=\"wp-block-table is-style-stripes\"><table><tbody><tr><td><br>Formule<br><\/td><td>Dur\u00e9e<\/td><td>Tarif<\/td><\/tr><tr><td>Massage en solo par Patrick<\/td><td>2 h<\/td><td>150 \u20ac<\/td><\/tr><tr><td>Massage couple en duo avec Patrick &amp; sa coll\u00e8gue<\/td><td>2 h<\/td><td>320 \u20ac<\/td><\/tr><tr><td>Massage couple  avec Patrick <\/td><td>3h<\/td><td>250 \u20ac<\/td><\/tr><tr><td>Atelier initiation couple<\/td><td>6 h<\/td><td>250\u20ac\/personne<\/td><\/tr><\/tbody><\/table><\/figure>\n\n\n\n<h4 class=\"wp-block-heading\">Comment se d\u00e9roule la s\u00e9ance d\u2019initiation couple au massage\ncachemirien&nbsp;?<\/h4>\n\n\n\n<p> La s\u00e9ance dure 6  heures au total. <\/p>\n\n\n\n<p>Patrick et sa coll\u00e8gue vous accueillent par un temps de parole au cours duquel sera d\u00e9taill\u00e9 le d\u00e9roul\u00e9 de la s\u00e9ance et o\u00f9 seront abord\u00e9s \u00a0les questions du cadre et du consentement mutuel.<\/p>\n\n\n\n<p>Ensuite, Patrick et sa coll\u00e8gue donneront le massage cachemirien au couple.<\/p>\n\n\n\n<p>Apr\u00e8s ce massage d\u2019une heure trente, il sera propos\u00e9 une pause &nbsp;collation et temps d\u2019\u00e9change&nbsp; sur le v\u00e9cu de ce massage.<\/p>\n\n\n\n<p>Ensuite, s\u00e9quence par s\u00e9quence, Patrick et sa coll\u00e8gue montreront les chemins \u00e0 suivre pendant que les partenaires du couple seront \u00a0amen\u00e9s \u00e0 faire, entre eux, l\u2019apprentissage des positions et des mouvements constituant \u00a0l\u2019int\u00e9gralit\u00e9 de ce massage.<\/p>\n\n\n\n<p>Un dernier temps d\u2019\u00e9change et la remise d\u2019un document aide m\u00e9moire qui d\u00e9taille toutes les phases du massage cl\u00f4tureront la s\u00e9ance.<\/p>\n\n\n\n<p><br><\/p>\n\n\n\n<p><\/p>\n\n\n\n<p><\/p>\n","protected":false},"excerpt":{"rendered":"<p>Le massage tantrique cachemirien Alato est principalement issu de la tradition shiva\u00efte tantrique. Pour une progression encore plus douce dans le l\u00e2cher prise du corps et du mental, des s\u00e9quences du massage Tao et Bodhypnosis sont venues enrichir ce massage unique propos\u00e9 par Alato. C\u2019est est une v\u00e9ritable danse sacr\u00e9e qui touche l&rsquo;\u00eatre dans sa [&hellip;]<\/p>\n","protected":false},"author":1,"featured_media":0,"parent":0,"menu_order":0,"comment_status":"closed","ping_status":"closed","template":"","meta":{"footnotes":""},"yoast_head":"<!-- This site is optimized with the Yoast SEO plugin v23.9 - https:\/\/yoast.com\/wordpress\/plugins\/seo\/ -->\n<title>Le massage tantrique cachemirien Alato -<\/title>\n<meta name=\"robots\" content=\"index, follow, max-snippet:-1, max-image-preview:large, max-video-preview:-1\" \/>\n<link rel=\"canonical\" href=\"https:\/\/alatomassages.com\/index.php\/massage-cachemirien\/\" \/>\n<meta property=\"og:locale\" content=\"fr_FR\" \/>\n<meta property=\"og:type\" content=\"article\" \/>\n<meta property=\"og:title\" content=\"Le massage tantrique cachemirien Alato -\" \/>\n<meta property=\"og:description\" content=\"Le massage tantrique cachemirien Alato est principalement issu de la tradition shiva\u00efte tantrique. Pour une progression encore plus douce dans le l\u00e2cher prise du corps et du mental, des s\u00e9quences du massage Tao et Bodhypnosis sont venues enrichir ce massage unique propos\u00e9 par Alato. C\u2019est est une v\u00e9ritable danse sacr\u00e9e qui touche l&rsquo;\u00eatre dans sa [&hellip;]\" \/>\n<meta property=\"og:url\" content=\"https:\/\/alatomassages.com\/index.php\/massage-cachemirien\/\" \/>\n<meta property=\"article:publisher\" content=\"https:\/\/www.facebook.com\/alatomassages\" \/>\n<meta property=\"article:modified_time\" content=\"2026-02-18T11:18:58+00:00\" \/>\n<meta property=\"og:image\" content=\"http:\/\/alatomassages.com\/wp-content\/uploads\/2020\/06\/MASSAGE-CACHEMIRIEN-GP-2020.jpg\" \/>\n<meta name=\"twitter:card\" content=\"summary_large_image\" \/>\n<meta name=\"twitter:label1\" content=\"Dur\u00e9e de lecture estim\u00e9e\" \/>\n\t<meta name=\"twitter:data1\" content=\"3 minutes\" \/>\n<script type=\"application\/ld+json\" class=\"yoast-schema-graph\">{\"@context\":\"https:\/\/schema.org\",\"@graph\":[{\"@type\":\"WebPage\",\"@id\":\"https:\/\/alatomassages.com\/index.php\/massage-cachemirien\/\",\"url\":\"https:\/\/alatomassages.com\/index.php\/massage-cachemirien\/\",\"name\":\"Le massage tantrique cachemirien Alato -\",\"isPartOf\":{\"@id\":\"https:\/\/alatomassages.com\/#website\"},\"primaryImageOfPage\":{\"@id\":\"https:\/\/alatomassages.com\/index.php\/massage-cachemirien\/#primaryimage\"},\"image\":{\"@id\":\"https:\/\/alatomassages.com\/index.php\/massage-cachemirien\/#primaryimage\"},\"thumbnailUrl\":\"http:\/\/alatomassages.com\/wp-content\/uploads\/2020\/06\/MASSAGE-CACHEMIRIEN-GP-2020.jpg\",\"datePublished\":\"2019-03-28T11:40:50+00:00\",\"dateModified\":\"2026-02-18T11:18:58+00:00\",\"breadcrumb\":{\"@id\":\"https:\/\/alatomassages.com\/index.php\/massage-cachemirien\/#breadcrumb\"},\"inLanguage\":\"fr-FR\",\"potentialAction\":[{\"@type\":\"ReadAction\",\"target\":[\"https:\/\/alatomassages.com\/index.php\/massage-cachemirien\/\"]}]},{\"@type\":\"ImageObject\",\"inLanguage\":\"fr-FR\",\"@id\":\"https:\/\/alatomassages.com\/index.php\/massage-cachemirien\/#primaryimage\",\"url\":\"http:\/\/alatomassages.com\/wp-content\/uploads\/2020\/06\/MASSAGE-CACHEMIRIEN-GP-2020.jpg\",\"contentUrl\":\"http:\/\/alatomassages.com\/wp-content\/uploads\/2020\/06\/MASSAGE-CACHEMIRIEN-GP-2020.jpg\"},{\"@type\":\"BreadcrumbList\",\"@id\":\"https:\/\/alatomassages.com\/index.php\/massage-cachemirien\/#breadcrumb\",\"itemListElement\":[{\"@type\":\"ListItem\",\"position\":1,\"name\":\"Accueil\",\"item\":\"https:\/\/alatomassages.com\/\"},{\"@type\":\"ListItem\",\"position\":2,\"name\":\"Le massage tantrique cachemirien Alato\"}]},{\"@type\":\"WebSite\",\"@id\":\"https:\/\/alatomassages.com\/#website\",\"url\":\"https:\/\/alatomassages.com\/\",\"name\":\"alatomassages\",\"description\":\"OFFREZ-VOUS CE DONT VOTRE CORPS A R\u00c9ELLEMENT BESOIN !\",\"publisher\":{\"@id\":\"https:\/\/alatomassages.com\/#organization\"},\"potentialAction\":[{\"@type\":\"SearchAction\",\"target\":{\"@type\":\"EntryPoint\",\"urlTemplate\":\"https:\/\/alatomassages.com\/?s={search_term_string}\"},\"query-input\":{\"@type\":\"PropertyValueSpecification\",\"valueRequired\":true,\"valueName\":\"search_term_string\"}}],\"inLanguage\":\"fr-FR\"},{\"@type\":\"Organization\",\"@id\":\"https:\/\/alatomassages.com\/#organization\",\"name\":\"Alato Massages\",\"url\":\"https:\/\/alatomassages.com\/\",\"logo\":{\"@type\":\"ImageObject\",\"inLanguage\":\"fr-FR\",\"@id\":\"https:\/\/alatomassages.com\/#\/schema\/logo\/image\/\",\"url\":\"https:\/\/alatomassages.com\/wp-content\/uploads\/2019\/03\/cropped-1200x1200px.jpg\",\"contentUrl\":\"https:\/\/alatomassages.com\/wp-content\/uploads\/2019\/03\/cropped-1200x1200px.jpg\",\"width\":240,\"height\":240,\"caption\":\"Alato Massages\"},\"image\":{\"@id\":\"https:\/\/alatomassages.com\/#\/schema\/logo\/image\/\"},\"sameAs\":[\"https:\/\/www.facebook.com\/alatomassages\"]}]}<\/script>\n<!-- \/ Yoast SEO plugin. -->","yoast_head_json":{"title":"Le massage tantrique cachemirien Alato -","robots":{"index":"index","follow":"follow","max-snippet":"max-snippet:-1","max-image-preview":"max-image-preview:large","max-video-preview":"max-video-preview:-1"},"canonical":"https:\/\/alatomassages.com\/index.php\/massage-cachemirien\/","og_locale":"fr_FR","og_type":"article","og_title":"Le massage tantrique cachemirien Alato -","og_description":"Le massage tantrique cachemirien Alato est principalement issu de la tradition shiva\u00efte tantrique. Pour une progression encore plus douce dans le l\u00e2cher prise du corps et du mental, des s\u00e9quences du massage Tao et Bodhypnosis sont venues enrichir ce massage unique propos\u00e9 par Alato. C\u2019est est une v\u00e9ritable danse sacr\u00e9e qui touche l&rsquo;\u00eatre dans sa [&hellip;]","og_url":"https:\/\/alatomassages.com\/index.php\/massage-cachemirien\/","article_publisher":"https:\/\/www.facebook.com\/alatomassages","article_modified_time":"2026-02-18T11:18:58+00:00","og_image":[{"url":"http:\/\/alatomassages.com\/wp-content\/uploads\/2020\/06\/MASSAGE-CACHEMIRIEN-GP-2020.jpg"}],"twitter_card":"summary_large_image","twitter_misc":{"Dur\u00e9e de lecture estim\u00e9e":"3 minutes"},"schema":{"@context":"https:\/\/schema.org","@graph":[{"@type":"WebPage","@id":"https:\/\/alatomassages.com\/index.php\/massage-cachemirien\/","url":"https:\/\/alatomassages.com\/index.php\/massage-cachemirien\/","name":"Le massage tantrique cachemirien Alato -","isPartOf":{"@id":"https:\/\/alatomassages.com\/#website"},"primaryImageOfPage":{"@id":"https:\/\/alatomassages.com\/index.php\/massage-cachemirien\/#primaryimage"},"image":{"@id":"https:\/\/alatomassages.com\/index.php\/massage-cachemirien\/#primaryimage"},"thumbnailUrl":"http:\/\/alatomassages.com\/wp-content\/uploads\/2020\/06\/MASSAGE-CACHEMIRIEN-GP-2020.jpg","datePublished":"2019-03-28T11:40:50+00:00","dateModified":"2026-02-18T11:18:58+00:00","breadcrumb":{"@id":"https:\/\/alatomassages.com\/index.php\/massage-cachemirien\/#breadcrumb"},"inLanguage":"fr-FR","potentialAction":[{"@type":"ReadAction","target":["https:\/\/alatomassages.com\/index.php\/massage-cachemirien\/"]}]},{"@type":"ImageObject","inLanguage":"fr-FR","@id":"https:\/\/alatomassages.com\/index.php\/massage-cachemirien\/#primaryimage","url":"http:\/\/alatomassages.com\/wp-content\/uploads\/2020\/06\/MASSAGE-CACHEMIRIEN-GP-2020.jpg","contentUrl":"http:\/\/alatomassages.com\/wp-content\/uploads\/2020\/06\/MASSAGE-CACHEMIRIEN-GP-2020.jpg"},{"@type":"BreadcrumbList","@id":"https:\/\/alatomassages.com\/index.php\/massage-cachemirien\/#breadcrumb","itemListElement":[{"@type":"ListItem","position":1,"name":"Accueil","item":"https:\/\/alatomassages.com\/"},{"@type":"ListItem","position":2,"name":"Le massage tantrique cachemirien Alato"}]},{"@type":"WebSite","@id":"https:\/\/alatomassages.com\/#website","url":"https:\/\/alatomassages.com\/","name":"alatomassages","description":"OFFREZ-VOUS CE DONT VOTRE CORPS A R\u00c9ELLEMENT BESOIN !","publisher":{"@id":"https:\/\/alatomassages.com\/#organization"},"potentialAction":[{"@type":"SearchAction","target":{"@type":"EntryPoint","urlTemplate":"https:\/\/alatomassages.com\/?s={search_term_string}"},"query-input":{"@type":"PropertyValueSpecification","valueRequired":true,"valueName":"search_term_string"}}],"inLanguage":"fr-FR"},{"@type":"Organization","@id":"https:\/\/alatomassages.com\/#organization","name":"Alato Massages","url":"https:\/\/alatomassages.com\/","logo":{"@type":"ImageObject","inLanguage":"fr-FR","@id":"https:\/\/alatomassages.com\/#\/schema\/logo\/image\/","url":"https:\/\/alatomassages.com\/wp-content\/uploads\/2019\/03\/cropped-1200x1200px.jpg","contentUrl":"https:\/\/alatomassages.com\/wp-content\/uploads\/2019\/03\/cropped-1200x1200px.jpg","width":240,"height":240,"caption":"Alato Massages"},"image":{"@id":"https:\/\/alatomassages.com\/#\/schema\/logo\/image\/"},"sameAs":["https:\/\/www.facebook.com\/alatomassages"]}]}},"_links":{"self":[{"href":"https:\/\/alatomassages.com\/index.php\/wp-json\/wp\/v2\/pages\/185"}],"collection":[{"href":"https:\/\/alatomassages.com\/index.php\/wp-json\/wp\/v2\/pages"}],"about":[{"href":"https:\/\/alatomassages.com\/index.php\/wp-json\/wp\/v2\/types\/page"}],"author":[{"embeddable":true,"href":"https:\/\/alatomassages.com\/index.php\/wp-json\/wp\/v2\/users\/1"}],"replies":[{"embeddable":true,"href":"https:\/\/alatomassages.com\/index.php\/wp-json\/wp\/v2\/comments?post=185"}],"version-history":[{"count":86,"href":"https:\/\/alatomassages.com\/index.php\/wp-json\/wp\/v2\/pages\/185\/revisions"}],"predecessor-version":[{"id":1096,"href":"https:\/\/alatomassages.com\/index.php\/wp-json\/wp\/v2\/pages\/185\/revisions\/1096"}],"wp:attachment":[{"href":"https:\/\/alatomassages.com\/index.php\/wp-json\/wp\/v2\/media?parent=185"}],"curies":[{"name":"wp","href":"https:\/\/api.w.org\/{rel}","templated":true}]}}