{"id":177,"date":"2019-03-28T12:31:59","date_gmt":"2019-03-28T11:31:59","guid":{"rendered":"http:\/\/alatomassages.com\/?page_id=177"},"modified":"2025-11-05T13:37:19","modified_gmt":"2025-11-05T12:37:19","slug":"massage-bodhypnosis","status":"publish","type":"page","link":"https:\/\/alatomassages.com\/index.php\/massage-bodhypnosis\/","title":{"rendered":"Massage Bodhypnosis"},"content":{"rendered":"\n<p class=\"has-medium-font-size\">D\u00e9velopp\u00e9 et enseign\u00e9&nbsp; par Jean Labb\u00e9, praticien en massage \u00e0 Paris depuis 1984, ce&nbsp; massage est \u00e0 la fois r\u00e9g\u00e9n\u00e9rateur et antalgique.<\/p>\n\n\n<div class=\"wp-block-image\">\n<figure class=\"aligncenter size-large is-resized\"><img loading=\"lazy\" decoding=\"async\" width=\"1024\" height=\"945\" src=\"https:\/\/alatomassages.com\/wp-content\/uploads\/2025\/10\/bodhy-crane-1024x945.jpg\" alt=\"\" class=\"wp-image-1072\" style=\"width:259px;height:auto\" srcset=\"https:\/\/alatomassages.com\/wp-content\/uploads\/2025\/10\/bodhy-crane-1024x945.jpg 1024w, https:\/\/alatomassages.com\/wp-content\/uploads\/2025\/10\/bodhy-crane-300x277.jpg 300w, https:\/\/alatomassages.com\/wp-content\/uploads\/2025\/10\/bodhy-crane-768x709.jpg 768w, https:\/\/alatomassages.com\/wp-content\/uploads\/2025\/10\/bodhy-crane.jpg 1029w\" sizes=\"(max-width: 1024px) 100vw, 1024px\" \/><\/figure><\/div>\n\n\n<p class=\"has-medium-font-size\">Bodhypnosis\u00ae est une technique corporelle d&rsquo;hypnose, c&rsquo;est \u00e0 dire passant pas le corps plut\u00f4t que par le mental comme dans l&rsquo;hypnose traditionnelle. Une cinquantaine de points sont activ\u00e9s par des compressions, frictions ou percussions au cours du massage qui dure une heure et peut se pratiquer habill\u00e9.<\/p>\n\n\n\n<figure class=\"wp-block-embed aligncenter is-type-video is-provider-youtube wp-block-embed-youtube wp-embed-aspect-16-9 wp-has-aspect-ratio\"><div class=\"wp-block-embed__wrapper\">\n<iframe loading=\"lazy\" title=\"Bodhypnosis LA MAGIE\" width=\"500\" height=\"281\" src=\"https:\/\/www.youtube.com\/embed\/QMSB3IBcdJY?feature=oembed\" frameborder=\"0\" allow=\"accelerometer; autoplay; clipboard-write; encrypted-media; gyroscope; picture-in-picture; web-share\" referrerpolicy=\"strict-origin-when-cross-origin\" allowfullscreen><\/iframe>\n<\/div><\/figure>\n\n\n\n<p>\/<\/p>\n\n\n\n<figure class=\"wp-block-embed is-type-video is-provider-youtube wp-block-embed-youtube wp-embed-aspect-16-9 wp-has-aspect-ratio\"><div class=\"wp-block-embed__wrapper\">\n<iframe loading=\"lazy\" title=\"Le secret de la d\u00e9tente - Dialogue avec Jean Labbe\u0301\" width=\"500\" height=\"281\" src=\"https:\/\/www.youtube.com\/embed\/pnitDuHhZnY?feature=oembed\" frameborder=\"0\" allow=\"accelerometer; autoplay; clipboard-write; encrypted-media; gyroscope; picture-in-picture; web-share\" referrerpolicy=\"strict-origin-when-cross-origin\" allowfullscreen><\/iframe>\n<\/div><\/figure>\n\n\n\n<p class=\"has-medium-font-size\">A quoi sert Bodhypnosis ?<\/p>\n\n\n\n<p class=\"has-medium-font-size\">A se retrouver. A revenir \u00e0 soi. A reconnecter avec son int\u00e9riorit\u00e9 profonde. Lors du massage Bodhypnosis, le mental et l&rsquo;\u00e9go qui r\u00e9gissent notre existence s&rsquo;effacent et le stress disparait.<\/p>\n\n\n<div class=\"wp-block-image\">\n<figure class=\"aligncenter size-full is-resized\"><img loading=\"lazy\" decoding=\"async\" width=\"480\" height=\"579\" src=\"https:\/\/alatomassages.com\/wp-content\/uploads\/2025\/10\/Photo-page-bodhypnosis.jpg\" alt=\"\" class=\"wp-image-1081\" style=\"width:327px;height:auto\" srcset=\"https:\/\/alatomassages.com\/wp-content\/uploads\/2025\/10\/Photo-page-bodhypnosis.jpg 480w, https:\/\/alatomassages.com\/wp-content\/uploads\/2025\/10\/Photo-page-bodhypnosis-249x300.jpg 249w\" sizes=\"(max-width: 480px) 100vw, 480px\" \/><\/figure><\/div>\n\n\n<p class=\"has-medium-font-size\">Dans la formule \u00ab\u00a0Grand massage corps entier\u00a0\u00bb, Alato vous propose un voyage de 2 heures qui associe le massage relaxation \u00e0 l&rsquo;huile et int\u00e8gre la totalit\u00e9 du massage Bodhypnosis.<\/p>\n\n\n\n<p><\/p>\n\n\n\n<h2 class=\"wp-block-heading\"><\/h2>\n\n\n\n<div class=\"wp-block-media-text alignwide is-stacked-on-mobile has-very-light-gray-background-color has-background\" style=\"grid-template-columns:39% auto\"><figure class=\"wp-block-media-text__media\"><img loading=\"lazy\" decoding=\"async\" width=\"1024\" height=\"576\" src=\"https:\/\/alatomassages.com\/wp-content\/uploads\/2019\/04\/PCPOUCES-VERTEBRES-1024x576.jpg\" alt=\"Dur\u00e9e et tarifs \" class=\"wp-image-334 size-full\" srcset=\"https:\/\/alatomassages.com\/wp-content\/uploads\/2019\/04\/PCPOUCES-VERTEBRES-1024x576.jpg 1024w, https:\/\/alatomassages.com\/wp-content\/uploads\/2019\/04\/PCPOUCES-VERTEBRES-300x169.jpg 300w, https:\/\/alatomassages.com\/wp-content\/uploads\/2019\/04\/PCPOUCES-VERTEBRES-768x432.jpg 768w, https:\/\/alatomassages.com\/wp-content\/uploads\/2019\/04\/PCPOUCES-VERTEBRES.jpg 1920w\" sizes=\"(max-width: 1024px) 100vw, 1024px\" \/><\/figure><div class=\"wp-block-media-text__content\">\n<h2 class=\"wp-block-heading\">Dur\u00e9e et tarif<\/h2>\n\n\n\n<ul>\n<li><strong>1 h (Bodhypnosis seul) : 60 \u20ac<\/strong><\/li>\n\n\n\n<li><strong>1h30 (avec calif +)          : 90 \u20ac<\/strong><\/li>\n\n\n\n<li><strong>2 h (avec calif +)             : 120 \u20ac<\/strong><\/li>\n<\/ul>\n\n\n\n<p><\/p>\n<\/div><\/div>\n\n\n\n<p class=\"has-medium-font-size\">Pour chaque massage, lors de votre accueil,  un temps de parole sera   consacr\u00e9 \u00e0 mieux  connaitre votre attente, au besoin signaler   d&rsquo;\u00e9ventuels probl\u00e8mes physiques et  nous mettre d&rsquo;accord sur le   protocole de massage.  <strong>Pr\u00e9voir donc environ 30 mn de disponibilit\u00e9 suppl\u00e9mentaire aux temps  indiqu\u00e9s ci-dessous afin d&rsquo;int\u00e9grer le temps de vestiaire et ce temps  d&rsquo;\u00e9change. <\/strong><\/p>\n","protected":false},"excerpt":{"rendered":"<p>D\u00e9velopp\u00e9 et enseign\u00e9&nbsp; par Jean Labb\u00e9, praticien en massage \u00e0 Paris depuis 1984, ce&nbsp; massage est \u00e0 la fois r\u00e9g\u00e9n\u00e9rateur et antalgique. Bodhypnosis\u00ae est une technique corporelle d&rsquo;hypnose, c&rsquo;est \u00e0 dire passant pas le corps plut\u00f4t que par le mental comme dans l&rsquo;hypnose traditionnelle. Une cinquantaine de points sont activ\u00e9s par des compressions, frictions ou [&hellip;]<\/p>\n","protected":false},"author":1,"featured_media":0,"parent":0,"menu_order":0,"comment_status":"closed","ping_status":"closed","template":"","meta":{"footnotes":""},"yoast_head":"<!-- This site is optimized with the Yoast SEO plugin v23.9 - https:\/\/yoast.com\/wordpress\/plugins\/seo\/ -->\n<title>Massage Bodhypnosis -<\/title>\n<meta name=\"robots\" content=\"index, follow, max-snippet:-1, max-image-preview:large, max-video-preview:-1\" \/>\n<link rel=\"canonical\" href=\"https:\/\/alatomassages.com\/index.php\/massage-bodhypnosis\/\" \/>\n<meta property=\"og:locale\" content=\"fr_FR\" \/>\n<meta property=\"og:type\" content=\"article\" \/>\n<meta property=\"og:title\" content=\"Massage Bodhypnosis -\" \/>\n<meta property=\"og:description\" content=\"D\u00e9velopp\u00e9 et enseign\u00e9&nbsp; par Jean Labb\u00e9, praticien en massage \u00e0 Paris depuis 1984, ce&nbsp; massage est \u00e0 la fois r\u00e9g\u00e9n\u00e9rateur et antalgique. Bodhypnosis\u00ae est une technique corporelle d&rsquo;hypnose, c&rsquo;est \u00e0 dire passant pas le corps plut\u00f4t que par le mental comme dans l&rsquo;hypnose traditionnelle. Une cinquantaine de points sont activ\u00e9s par des compressions, frictions ou [&hellip;]\" \/>\n<meta property=\"og:url\" content=\"https:\/\/alatomassages.com\/index.php\/massage-bodhypnosis\/\" \/>\n<meta property=\"article:publisher\" content=\"https:\/\/www.facebook.com\/alatomassages\" \/>\n<meta property=\"article:modified_time\" content=\"2025-11-05T12:37:19+00:00\" \/>\n<meta property=\"og:image\" content=\"https:\/\/alatomassages.com\/wp-content\/uploads\/2025\/10\/bodhy-crane.jpg\" \/>\n\t<meta property=\"og:image:width\" content=\"1029\" \/>\n\t<meta property=\"og:image:height\" content=\"950\" \/>\n\t<meta property=\"og:image:type\" content=\"image\/jpeg\" \/>\n<meta name=\"twitter:card\" content=\"summary_large_image\" \/>\n<meta name=\"twitter:label1\" content=\"Dur\u00e9e de lecture estim\u00e9e\" \/>\n\t<meta name=\"twitter:data1\" content=\"2 minutes\" \/>\n<script type=\"application\/ld+json\" class=\"yoast-schema-graph\">{\"@context\":\"https:\/\/schema.org\",\"@graph\":[{\"@type\":\"WebPage\",\"@id\":\"https:\/\/alatomassages.com\/index.php\/massage-bodhypnosis\/\",\"url\":\"https:\/\/alatomassages.com\/index.php\/massage-bodhypnosis\/\",\"name\":\"Massage Bodhypnosis -\",\"isPartOf\":{\"@id\":\"https:\/\/alatomassages.com\/#website\"},\"primaryImageOfPage\":{\"@id\":\"https:\/\/alatomassages.com\/index.php\/massage-bodhypnosis\/#primaryimage\"},\"image\":{\"@id\":\"https:\/\/alatomassages.com\/index.php\/massage-bodhypnosis\/#primaryimage\"},\"thumbnailUrl\":\"https:\/\/alatomassages.com\/wp-content\/uploads\/2025\/10\/bodhy-crane-1024x945.jpg\",\"datePublished\":\"2019-03-28T11:31:59+00:00\",\"dateModified\":\"2025-11-05T12:37:19+00:00\",\"breadcrumb\":{\"@id\":\"https:\/\/alatomassages.com\/index.php\/massage-bodhypnosis\/#breadcrumb\"},\"inLanguage\":\"fr-FR\",\"potentialAction\":[{\"@type\":\"ReadAction\",\"target\":[\"https:\/\/alatomassages.com\/index.php\/massage-bodhypnosis\/\"]}]},{\"@type\":\"ImageObject\",\"inLanguage\":\"fr-FR\",\"@id\":\"https:\/\/alatomassages.com\/index.php\/massage-bodhypnosis\/#primaryimage\",\"url\":\"https:\/\/alatomassages.com\/wp-content\/uploads\/2025\/10\/bodhy-crane.jpg\",\"contentUrl\":\"https:\/\/alatomassages.com\/wp-content\/uploads\/2025\/10\/bodhy-crane.jpg\",\"width\":1029,\"height\":950},{\"@type\":\"BreadcrumbList\",\"@id\":\"https:\/\/alatomassages.com\/index.php\/massage-bodhypnosis\/#breadcrumb\",\"itemListElement\":[{\"@type\":\"ListItem\",\"position\":1,\"name\":\"Accueil\",\"item\":\"https:\/\/alatomassages.com\/\"},{\"@type\":\"ListItem\",\"position\":2,\"name\":\"Massage Bodhypnosis\"}]},{\"@type\":\"WebSite\",\"@id\":\"https:\/\/alatomassages.com\/#website\",\"url\":\"https:\/\/alatomassages.com\/\",\"name\":\"alatomassages\",\"description\":\"OFFREZ-VOUS CE DONT VOTRE CORPS A R\u00c9ELLEMENT BESOIN !\",\"publisher\":{\"@id\":\"https:\/\/alatomassages.com\/#organization\"},\"potentialAction\":[{\"@type\":\"SearchAction\",\"target\":{\"@type\":\"EntryPoint\",\"urlTemplate\":\"https:\/\/alatomassages.com\/?s={search_term_string}\"},\"query-input\":{\"@type\":\"PropertyValueSpecification\",\"valueRequired\":true,\"valueName\":\"search_term_string\"}}],\"inLanguage\":\"fr-FR\"},{\"@type\":\"Organization\",\"@id\":\"https:\/\/alatomassages.com\/#organization\",\"name\":\"Alato Massages\",\"url\":\"https:\/\/alatomassages.com\/\",\"logo\":{\"@type\":\"ImageObject\",\"inLanguage\":\"fr-FR\",\"@id\":\"https:\/\/alatomassages.com\/#\/schema\/logo\/image\/\",\"url\":\"https:\/\/alatomassages.com\/wp-content\/uploads\/2019\/03\/cropped-1200x1200px.jpg\",\"contentUrl\":\"https:\/\/alatomassages.com\/wp-content\/uploads\/2019\/03\/cropped-1200x1200px.jpg\",\"width\":240,\"height\":240,\"caption\":\"Alato Massages\"},\"image\":{\"@id\":\"https:\/\/alatomassages.com\/#\/schema\/logo\/image\/\"},\"sameAs\":[\"https:\/\/www.facebook.com\/alatomassages\"]}]}<\/script>\n<!-- \/ Yoast SEO plugin. -->","yoast_head_json":{"title":"Massage Bodhypnosis -","robots":{"index":"index","follow":"follow","max-snippet":"max-snippet:-1","max-image-preview":"max-image-preview:large","max-video-preview":"max-video-preview:-1"},"canonical":"https:\/\/alatomassages.com\/index.php\/massage-bodhypnosis\/","og_locale":"fr_FR","og_type":"article","og_title":"Massage Bodhypnosis -","og_description":"D\u00e9velopp\u00e9 et enseign\u00e9&nbsp; par Jean Labb\u00e9, praticien en massage \u00e0 Paris depuis 1984, ce&nbsp; massage est \u00e0 la fois r\u00e9g\u00e9n\u00e9rateur et antalgique. Bodhypnosis\u00ae est une technique corporelle d&rsquo;hypnose, c&rsquo;est \u00e0 dire passant pas le corps plut\u00f4t que par le mental comme dans l&rsquo;hypnose traditionnelle. Une cinquantaine de points sont activ\u00e9s par des compressions, frictions ou [&hellip;]","og_url":"https:\/\/alatomassages.com\/index.php\/massage-bodhypnosis\/","article_publisher":"https:\/\/www.facebook.com\/alatomassages","article_modified_time":"2025-11-05T12:37:19+00:00","og_image":[{"width":1029,"height":950,"url":"https:\/\/alatomassages.com\/wp-content\/uploads\/2025\/10\/bodhy-crane.jpg","type":"image\/jpeg"}],"twitter_card":"summary_large_image","twitter_misc":{"Dur\u00e9e de lecture estim\u00e9e":"2 minutes"},"schema":{"@context":"https:\/\/schema.org","@graph":[{"@type":"WebPage","@id":"https:\/\/alatomassages.com\/index.php\/massage-bodhypnosis\/","url":"https:\/\/alatomassages.com\/index.php\/massage-bodhypnosis\/","name":"Massage Bodhypnosis -","isPartOf":{"@id":"https:\/\/alatomassages.com\/#website"},"primaryImageOfPage":{"@id":"https:\/\/alatomassages.com\/index.php\/massage-bodhypnosis\/#primaryimage"},"image":{"@id":"https:\/\/alatomassages.com\/index.php\/massage-bodhypnosis\/#primaryimage"},"thumbnailUrl":"https:\/\/alatomassages.com\/wp-content\/uploads\/2025\/10\/bodhy-crane-1024x945.jpg","datePublished":"2019-03-28T11:31:59+00:00","dateModified":"2025-11-05T12:37:19+00:00","breadcrumb":{"@id":"https:\/\/alatomassages.com\/index.php\/massage-bodhypnosis\/#breadcrumb"},"inLanguage":"fr-FR","potentialAction":[{"@type":"ReadAction","target":["https:\/\/alatomassages.com\/index.php\/massage-bodhypnosis\/"]}]},{"@type":"ImageObject","inLanguage":"fr-FR","@id":"https:\/\/alatomassages.com\/index.php\/massage-bodhypnosis\/#primaryimage","url":"https:\/\/alatomassages.com\/wp-content\/uploads\/2025\/10\/bodhy-crane.jpg","contentUrl":"https:\/\/alatomassages.com\/wp-content\/uploads\/2025\/10\/bodhy-crane.jpg","width":1029,"height":950},{"@type":"BreadcrumbList","@id":"https:\/\/alatomassages.com\/index.php\/massage-bodhypnosis\/#breadcrumb","itemListElement":[{"@type":"ListItem","position":1,"name":"Accueil","item":"https:\/\/alatomassages.com\/"},{"@type":"ListItem","position":2,"name":"Massage Bodhypnosis"}]},{"@type":"WebSite","@id":"https:\/\/alatomassages.com\/#website","url":"https:\/\/alatomassages.com\/","name":"alatomassages","description":"OFFREZ-VOUS CE DONT VOTRE CORPS A R\u00c9ELLEMENT BESOIN !","publisher":{"@id":"https:\/\/alatomassages.com\/#organization"},"potentialAction":[{"@type":"SearchAction","target":{"@type":"EntryPoint","urlTemplate":"https:\/\/alatomassages.com\/?s={search_term_string}"},"query-input":{"@type":"PropertyValueSpecification","valueRequired":true,"valueName":"search_term_string"}}],"inLanguage":"fr-FR"},{"@type":"Organization","@id":"https:\/\/alatomassages.com\/#organization","name":"Alato Massages","url":"https:\/\/alatomassages.com\/","logo":{"@type":"ImageObject","inLanguage":"fr-FR","@id":"https:\/\/alatomassages.com\/#\/schema\/logo\/image\/","url":"https:\/\/alatomassages.com\/wp-content\/uploads\/2019\/03\/cropped-1200x1200px.jpg","contentUrl":"https:\/\/alatomassages.com\/wp-content\/uploads\/2019\/03\/cropped-1200x1200px.jpg","width":240,"height":240,"caption":"Alato Massages"},"image":{"@id":"https:\/\/alatomassages.com\/#\/schema\/logo\/image\/"},"sameAs":["https:\/\/www.facebook.com\/alatomassages"]}]}},"_links":{"self":[{"href":"https:\/\/alatomassages.com\/index.php\/wp-json\/wp\/v2\/pages\/177"}],"collection":[{"href":"https:\/\/alatomassages.com\/index.php\/wp-json\/wp\/v2\/pages"}],"about":[{"href":"https:\/\/alatomassages.com\/index.php\/wp-json\/wp\/v2\/types\/page"}],"author":[{"embeddable":true,"href":"https:\/\/alatomassages.com\/index.php\/wp-json\/wp\/v2\/users\/1"}],"replies":[{"embeddable":true,"href":"https:\/\/alatomassages.com\/index.php\/wp-json\/wp\/v2\/comments?post=177"}],"version-history":[{"count":45,"href":"https:\/\/alatomassages.com\/index.php\/wp-json\/wp\/v2\/pages\/177\/revisions"}],"predecessor-version":[{"id":1084,"href":"https:\/\/alatomassages.com\/index.php\/wp-json\/wp\/v2\/pages\/177\/revisions\/1084"}],"wp:attachment":[{"href":"https:\/\/alatomassages.com\/index.php\/wp-json\/wp\/v2\/media?parent=177"}],"curies":[{"name":"wp","href":"https:\/\/api.w.org\/{rel}","templated":true}]}}